{"id":852,"date":"2014-12-30T16:14:51","date_gmt":"2014-12-30T15:14:51","guid":{"rendered":"http:\/\/www.unigemsa.com\/lege\/uso-de-cookies\/"},"modified":"2016-11-29T18:20:57","modified_gmt":"2016-11-29T16:20:57","slug":"cookien-politika","status":"publish","type":"page","link":"https:\/\/unigemsa.com\/eu\/lege\/cookien-politika\/","title":{"rendered":"Cookien politika"},"content":{"rendered":"<h1>Cookien politika<\/h1>\n<p>Gure webguneetan cookie propioak eta hirugarrenenak erabiltzen ditugu saioa eta bere lehentasunak mantentzeko, erabiltzailearen esperientzia pertsonalizatzeko eta webgunearen erabilerari buruzko estatistikak lortzeko. Gure orrietan nabigatzean, jarraian azaldutako Cookie Politikaren arabera cookieak erabiltzeko baimena ematen duzu. Honako politika eguneratu ahal izango da. Hori dela eta, aldizka kontsultatzea gomendatzen dizugu.<\/p>\n<p>Cookieak erabiltzaileak bisitatutako webguneek gordetzen dituzten fitxategiak dira eta beharrezkoak dira zerbitzu interaktiboen eskaintzan webgunearen nabigazioari abantailak emateko.<\/p>\n<h2><strong>Cookie-motak:<\/strong><\/h2>\n<p><em><strong>Haien jatorriaren arabera:<\/strong><\/em><\/p>\n<p>Propioak: bisitatutako webguneak berak sortutako cookieak dira.<br \/>\nHirugarrenenak: webgune horretan nabigatzean jasotako cookieak dira, baina horretan ostatu hartutako hirugarren zerbitzu batek sortu ditu.<\/p>\n<p><em><strong>Iraunaldiaren arabera:<\/strong><\/em><\/p>\n<p>Saioaren cookieak: erabiltzailea webgune batera sartzen den bitartean datuak hartu eta gordetzeko diseinatutako cookie-mota bat dira eta ez dira geratzen erabiltzailearen diskoan.<br \/>\nCookie iraunkorrak: mota honetan datuak terminalean gordeta geratzen dira eta cookiearen arduradunak epe jakin batez horiek ikusi eta erabili ditzake. Denbora-tarte hori minutu batzuen eta urte batzuen bitartekoa izan daiteke.<\/p>\n<p><em><strong>Helburuaren arabera:<\/strong><\/em><\/p>\n<p>Helburu teknikoak: webgunearen funtzionamendurako beharrezkoak dira. Horiek &#8220;ezinbestekoak&#8221; deiturikoak dira. Zerbitzaritik erabiltzaile askorengana baterako trafikoa bideratzen dute, sistemaren erabiltzaile gisa identifikatzea eta sartzea, etab.<br \/>\nPertsonalizazioa: haren bidez erabiltzaile bakoitzak webgunea ikusi nahi den hizkuntza konfiguratzeko edo konfugurazio erregionala egiteko aukera ematen du.<br \/>\nAnalisia edo errendimendua: modu anonimoan webguneraren atal desberdinetan izandako bisita-kopurua eta nabigatzeko irizpideak neurtzeko aukera eskaintzen du.<br \/>\nPublizitatea: webguneetan eskainitako publizitatean eraginkortasuneko parametroak sartzeko aukera eskaintzen du.<br \/>\nJokabidearen publizitatea: webguneetan eskainitako publizitatean eraginkortasuneko parametroak ezartzeko aukera eskaintzen dute, erabiltzaileen jokabideari buruzko informazioan oinarrituta.<\/p>\n<h2>Nolako cookieak erabiltzen ditugu gure webgunean?<\/h2>\n<p><em><strong>Cookie propioak:<\/strong><\/em><\/p>\n<p>Saioaren cookieak helburu teknikoetarako erabiltzen ditugu, webgunea funtzionamenduan mantentzeko ezinbestekoak dira. Webgunean nabigatzeko eta funtsezko zereginak erabiltzeko aukera eskaintzen dute. Adibidez, saioa mantentzeko. Cookie horietan ez da informazio pertsonalik gordetzen eta ez dute biltzen marketin-jardueretarako edo non nabigatu duzun gogoratzeko zure nabigazioari buruzko informaziorik.<\/p>\n<p>Gainera, pertsonalizatzeko cookieak erabiltzen ditugu, erabiltzaileak ezaugarri batzuk pertsonalizatzeko aukera ematen dutenak, horrela zure soslaiaren arabera nabigatzeko esperientzia hobea eskaini ahal izateko.<\/p>\n<p><em><strong>Hirugarrenen cookieak:<\/strong><\/em><\/p>\n<p>Analisirako cookieak: \u201cGoogle Analytics\u201d-eko cookieak erabiltzen ditugu. Google da haien jabea eta arduraduna. Lau cookie dira: \u201cutma, utmb, utmc eta utmz\u201d. Webguneetan nabigazioa neurtzeko eta analizatzeko aukera ematen du. Normalean bisita-kopuruari, ikusitako orrialdeei eta abarri buruzko informazioa lortzeko erabiltzen dira&#8230;; informazio horren bidez zerbitzu hobea eta egokituagoa eskaini daiteke.<\/p>\n<p>Publizitateko cookieak: \u201cGoogle Adwords\u201d-eko cookieak erabiltzen ditugu. Haien bidez ahalik eta modurik eraginkorrenean publizitateko espazioetan erakutsi beharreko informazioa kudeatu daiteke, bezeroak webgunearekin daukan elkarreraginaren bitartez. Informazio gehiago hurrengo webguneetan:<\/p>\n<ul>\n<li><a href=\"http:\/\/www.google.es\/intl\/es\/policies\/technologies\/types\/\" target=\"_blank\">http:\/\/www.google.es\/intl\/es\/policies\/technologies\/types\/<\/a><\/li>\n<li><a href=\"http:\/\/www.google.es\/policies\/technologies\/ads\/\" target=\"_blank\">http:\/\/www.google.es\/policies\/technologies\/ads\/<\/a><\/li>\n<li><a href=\"https:\/\/developers.google.com\/analytics\/devguides\/collection\/analyticsjs\/cookie-usage\" target=\"_blank\">https:\/\/developers.google.com\/analytics\/devguides\/collection\/analyticsjs\/cookie-usage<\/a><\/li>\n<\/ul>\n<p>Gizarte-sareetako cookieak: Gure\u00a0webgunean &#8220;Atsegin dut&#8221; edo &#8220;Partekatu&#8221; bezalako botoiak aurki ditzakezu, webguneko hainbat eduki Facebook, Twitter, edo Tuenti bezalako sare sozialetan partekatzeko. Funtzionalitate horrek sare sozial hauen webguneei lotzen duten cookieen erabilera dakar. Sare sozialetako cookieen erabilerari buruzko informazio gehiago edukitzeko, kontsultatu ezazu cookieei buruz duten politika propioa.<\/p>\n<h2>Nola desinstalatu cookieak?<\/h2>\n<p>Nabigatzaileetan badaude cookieak blokeatzeko eta ezabatzeko aukerak, baina Interneteko nabigatzailearen arabera prozedura desberdina izan daiteke eta, ondorioz, Interneteko nabigatzailearen ekoizleak eskainitako jarraibideak begiratzea gomendatzen dizugu. Mugikorren kasuan, nabigatzaileak aukera horiek edukitzen ditu &#8220;Doitu&#8221; atalean.<\/p>\n<p>Hala ere, zure nabigatzailea gure cookieak atzera botatzeko konfiguratu nahi baduzu, kontuan izan ezin izango ditugula zure lehentasunak mantendu eta orrialde batzuk ezin izango direla erabili.<\/p>\n<p>Informazio gehiago hurrengo webguneetan:<\/p>\n<ul>\n<li><a href=\"http:\/\/windows.microsoft.com\/es-es\/windows7\/how-to-manage-cookies-in-internet-explorer-9\" target=\"_blank\">Internet Explorer nola desinstalatu cookieak<\/a><\/li>\n<li><a href=\"http:\/\/support.mozilla.org\/es\/kb\/habilitar-y-deshabilitar-cookies-que-los-sitios-we\" target=\"_blank\">Firefox nola desinstalatu cookieak<\/a><\/li>\n<li><a href=\"http:\/\/support.google.com\/chrome\/bin\/answer.py?hl=es&amp;answer=95647\" target=\"_blank\">Chrome Nola desinstalatu cookieak<\/a><\/li>\n<li><a href=\"http:\/\/support.apple.com\/kb\/ph5042%20\" target=\"_blank\">Safari nola desinstalatu cookieak<\/a><\/li>\n<li><a href=\"http:\/\/www.agpd.es\/portalwebAGPD\/canaldocumentacion\/publicaciones\/common\/Guias\/Guia_Cookies.pdf\" target=\"_blank\">Gu\u00eda sobre el uso de las cookies de la Agencia Espa\u00f1ola de Protecci\u00f3n de Datos<\/a><\/li>\n<\/ul>\n<p>&nbsp;<\/p>\n","protected":false},"excerpt":{"rendered":"<p>Cookien politika Gure webguneetan cookie propioak eta hirugarrenenak erabiltzen ditugu saioa eta bere lehentasunak mantentzeko, erabiltzailearen esperientzia pertsonalizatzeko eta webgunearen erabilerari buruzko estatistikak lortzeko. Gure orrietan nabigatzean, jarraian azaldutako Cookie Politikaren arabera cookieak erabiltzeko baimena ematen duzu. Honako politika eguneratu ahal izango da. Hori dela eta, aldizka kontsultatzea gomendatzen dizugu. Cookieak erabiltzaileak bisitatutako webguneek gordetzen [&hellip;]<\/p>\n","protected":false},"author":4,"featured_media":0,"parent":546,"menu_order":0,"comment_status":"open","ping_status":"closed","template":"","meta":{"footnotes":""},"class_list":["post-852","page","type-page","status-publish","hentry"],"yoast_head":"<!-- This site is optimized with the Yoast SEO plugin v27.6 - https:\/\/yoast.com\/product\/yoast-seo-wordpress\/ -->\n<title>Cookien politika - UNIGEMSA - Uni\u00f3n de Gesti\u00f3n Empresarial<\/title>\n<meta name=\"robots\" content=\"index, follow, max-snippet:-1, max-image-preview:large, max-video-preview:-1\" \/>\n<link rel=\"canonical\" href=\"https:\/\/unigemsa.com\/eu\/lege\/cookien-politika\/\" \/>\n<meta property=\"og:locale\" content=\"en_US\" \/>\n<meta property=\"og:type\" content=\"article\" \/>\n<meta property=\"og:title\" content=\"Cookien politika - UNIGEMSA - Uni\u00f3n de Gesti\u00f3n Empresarial\" \/>\n<meta property=\"og:description\" content=\"Cookien politika Gure webguneetan cookie propioak eta hirugarrenenak erabiltzen ditugu saioa eta bere lehentasunak mantentzeko, erabiltzailearen esperientzia pertsonalizatzeko eta webgunearen erabilerari buruzko estatistikak lortzeko. Gure orrietan nabigatzean, jarraian azaldutako Cookie Politikaren arabera cookieak erabiltzeko baimena ematen duzu. Honako politika eguneratu ahal izango da. Hori dela eta, aldizka kontsultatzea gomendatzen dizugu. Cookieak erabiltzaileak bisitatutako webguneek gordetzen [&hellip;]\" \/>\n<meta property=\"og:url\" content=\"https:\/\/unigemsa.com\/eu\/lege\/cookien-politika\/\" \/>\n<meta property=\"og:site_name\" content=\"UNIGEMSA - Uni\u00f3n de Gesti\u00f3n Empresarial\" \/>\n<meta property=\"article:publisher\" content=\"https:\/\/es-es.facebook.com\/UNIGEMSA\/\" \/>\n<meta property=\"article:modified_time\" content=\"2016-11-29T16:20:57+00:00\" \/>\n<meta property=\"og:image\" content=\"https:\/\/i0.wp.com\/unigemsa.com\/wp-content\/uploads\/2023\/02\/UNIGEMSA-logo-030-HOR-web.png?fit=250%2C60&ssl=1\" \/>\n\t<meta property=\"og:image:width\" content=\"250\" \/>\n\t<meta property=\"og:image:height\" content=\"60\" \/>\n\t<meta property=\"og:image:type\" content=\"image\/png\" \/>\n<meta name=\"twitter:label1\" content=\"Est. reading time\" \/>\n\t<meta name=\"twitter:data1\" content=\"3 minutua\" \/>\n<script type=\"application\/ld+json\" class=\"yoast-schema-graph\">{\"@context\":\"https:\\\/\\\/schema.org\",\"@graph\":[{\"@type\":\"WebPage\",\"@id\":\"https:\\\/\\\/unigemsa.com\\\/eu\\\/lege\\\/cookien-politika\\\/\",\"url\":\"https:\\\/\\\/unigemsa.com\\\/eu\\\/lege\\\/cookien-politika\\\/\",\"name\":\"Cookien politika - UNIGEMSA - Uni\u00f3n de Gesti\u00f3n Empresarial\",\"isPartOf\":{\"@id\":\"https:\\\/\\\/unigemsa.com\\\/eu\\\/#website\"},\"datePublished\":\"2014-12-30T15:14:51+00:00\",\"dateModified\":\"2016-11-29T16:20:57+00:00\",\"breadcrumb\":{\"@id\":\"https:\\\/\\\/unigemsa.com\\\/eu\\\/lege\\\/cookien-politika\\\/#breadcrumb\"},\"inLanguage\":\"eu\",\"potentialAction\":[{\"@type\":\"ReadAction\",\"target\":[\"https:\\\/\\\/unigemsa.com\\\/eu\\\/lege\\\/cookien-politika\\\/\"]}]},{\"@type\":\"BreadcrumbList\",\"@id\":\"https:\\\/\\\/unigemsa.com\\\/eu\\\/lege\\\/cookien-politika\\\/#breadcrumb\",\"itemListElement\":[{\"@type\":\"ListItem\",\"position\":1,\"name\":\"Lege\",\"item\":\"https:\\\/\\\/unigemsa.com\\\/eu\\\/lege\\\/\"},{\"@type\":\"ListItem\",\"position\":2,\"name\":\"Cookien politika\"}]},{\"@type\":\"WebSite\",\"@id\":\"https:\\\/\\\/unigemsa.com\\\/eu\\\/#website\",\"url\":\"https:\\\/\\\/unigemsa.com\\\/eu\\\/\",\"name\":\"Unigemsa - Asesor\u00eda y gestor\u00eda para empresas\",\"description\":\"Servicios de Consultor\u00eda y Gesti\u00f3n Empresarial en Donostia-San Sebasti\u00e1n\",\"publisher\":{\"@id\":\"https:\\\/\\\/unigemsa.com\\\/eu\\\/#organization\"},\"alternateName\":\"Unigemsa\",\"potentialAction\":[{\"@type\":\"SearchAction\",\"target\":{\"@type\":\"EntryPoint\",\"urlTemplate\":\"https:\\\/\\\/unigemsa.com\\\/eu\\\/?s={search_term_string}\"},\"query-input\":{\"@type\":\"PropertyValueSpecification\",\"valueRequired\":true,\"valueName\":\"search_term_string\"}}],\"inLanguage\":\"eu\"},{\"@type\":\"Organization\",\"@id\":\"https:\\\/\\\/unigemsa.com\\\/eu\\\/#organization\",\"name\":\"Unigemsa - Asesor\u00eda y gestor\u00eda para empresas\",\"alternateName\":\"Unigemsa\",\"url\":\"https:\\\/\\\/unigemsa.com\\\/eu\\\/\",\"logo\":{\"@type\":\"ImageObject\",\"inLanguage\":\"eu\",\"@id\":\"https:\\\/\\\/unigemsa.com\\\/eu\\\/#\\\/schema\\\/logo\\\/image\\\/\",\"url\":\"https:\\\/\\\/i0.wp.com\\\/unigemsa.com\\\/wp-content\\\/uploads\\\/2019\\\/02\\\/UNIGEMSA.jpg?fit=229%2C229&ssl=1\",\"contentUrl\":\"https:\\\/\\\/i0.wp.com\\\/unigemsa.com\\\/wp-content\\\/uploads\\\/2019\\\/02\\\/UNIGEMSA.jpg?fit=229%2C229&ssl=1\",\"width\":229,\"height\":229,\"caption\":\"Unigemsa - Asesor\u00eda y gestor\u00eda para empresas\"},\"image\":{\"@id\":\"https:\\\/\\\/unigemsa.com\\\/eu\\\/#\\\/schema\\\/logo\\\/image\\\/\"},\"sameAs\":[\"https:\\\/\\\/es-es.facebook.com\\\/UNIGEMSA\\\/\"]}]}<\/script>\n<!-- \/ Yoast SEO plugin. -->","yoast_head_json":{"title":"Cookien politika - UNIGEMSA - Uni\u00f3n de Gesti\u00f3n Empresarial","robots":{"index":"index","follow":"follow","max-snippet":"max-snippet:-1","max-image-preview":"max-image-preview:large","max-video-preview":"max-video-preview:-1"},"canonical":"https:\/\/unigemsa.com\/eu\/lege\/cookien-politika\/","og_locale":"en_US","og_type":"article","og_title":"Cookien politika - UNIGEMSA - Uni\u00f3n de Gesti\u00f3n Empresarial","og_description":"Cookien politika Gure webguneetan cookie propioak eta hirugarrenenak erabiltzen ditugu saioa eta bere lehentasunak mantentzeko, erabiltzailearen esperientzia pertsonalizatzeko eta webgunearen erabilerari buruzko estatistikak lortzeko. Gure orrietan nabigatzean, jarraian azaldutako Cookie Politikaren arabera cookieak erabiltzeko baimena ematen duzu. Honako politika eguneratu ahal izango da. Hori dela eta, aldizka kontsultatzea gomendatzen dizugu. Cookieak erabiltzaileak bisitatutako webguneek gordetzen [&hellip;]","og_url":"https:\/\/unigemsa.com\/eu\/lege\/cookien-politika\/","og_site_name":"UNIGEMSA - Uni\u00f3n de Gesti\u00f3n Empresarial","article_publisher":"https:\/\/es-es.facebook.com\/UNIGEMSA\/","article_modified_time":"2016-11-29T16:20:57+00:00","og_image":[{"width":250,"height":60,"url":"https:\/\/i0.wp.com\/unigemsa.com\/wp-content\/uploads\/2023\/02\/UNIGEMSA-logo-030-HOR-web.png?fit=250%2C60&ssl=1","type":"image\/png"}],"twitter_misc":{"Est. reading time":"3 minutua"},"schema":{"@context":"https:\/\/schema.org","@graph":[{"@type":"WebPage","@id":"https:\/\/unigemsa.com\/eu\/lege\/cookien-politika\/","url":"https:\/\/unigemsa.com\/eu\/lege\/cookien-politika\/","name":"Cookien politika - UNIGEMSA - Uni\u00f3n de Gesti\u00f3n Empresarial","isPartOf":{"@id":"https:\/\/unigemsa.com\/eu\/#website"},"datePublished":"2014-12-30T15:14:51+00:00","dateModified":"2016-11-29T16:20:57+00:00","breadcrumb":{"@id":"https:\/\/unigemsa.com\/eu\/lege\/cookien-politika\/#breadcrumb"},"inLanguage":"eu","potentialAction":[{"@type":"ReadAction","target":["https:\/\/unigemsa.com\/eu\/lege\/cookien-politika\/"]}]},{"@type":"BreadcrumbList","@id":"https:\/\/unigemsa.com\/eu\/lege\/cookien-politika\/#breadcrumb","itemListElement":[{"@type":"ListItem","position":1,"name":"Lege","item":"https:\/\/unigemsa.com\/eu\/lege\/"},{"@type":"ListItem","position":2,"name":"Cookien politika"}]},{"@type":"WebSite","@id":"https:\/\/unigemsa.com\/eu\/#website","url":"https:\/\/unigemsa.com\/eu\/","name":"Unigemsa - Asesor\u00eda y gestor\u00eda para empresas","description":"Servicios de Consultor\u00eda y Gesti\u00f3n Empresarial en Donostia-San Sebasti\u00e1n","publisher":{"@id":"https:\/\/unigemsa.com\/eu\/#organization"},"alternateName":"Unigemsa","potentialAction":[{"@type":"SearchAction","target":{"@type":"EntryPoint","urlTemplate":"https:\/\/unigemsa.com\/eu\/?s={search_term_string}"},"query-input":{"@type":"PropertyValueSpecification","valueRequired":true,"valueName":"search_term_string"}}],"inLanguage":"eu"},{"@type":"Organization","@id":"https:\/\/unigemsa.com\/eu\/#organization","name":"Unigemsa - Asesor\u00eda y gestor\u00eda para empresas","alternateName":"Unigemsa","url":"https:\/\/unigemsa.com\/eu\/","logo":{"@type":"ImageObject","inLanguage":"eu","@id":"https:\/\/unigemsa.com\/eu\/#\/schema\/logo\/image\/","url":"https:\/\/i0.wp.com\/unigemsa.com\/wp-content\/uploads\/2019\/02\/UNIGEMSA.jpg?fit=229%2C229&ssl=1","contentUrl":"https:\/\/i0.wp.com\/unigemsa.com\/wp-content\/uploads\/2019\/02\/UNIGEMSA.jpg?fit=229%2C229&ssl=1","width":229,"height":229,"caption":"Unigemsa - Asesor\u00eda y gestor\u00eda para empresas"},"image":{"@id":"https:\/\/unigemsa.com\/eu\/#\/schema\/logo\/image\/"},"sameAs":["https:\/\/es-es.facebook.com\/UNIGEMSA\/"]}]}},"jetpack_sharing_enabled":true,"jetpack_shortlink":"https:\/\/wp.me\/P8P6xc-dK","jetpack-related-posts":[],"_links":{"self":[{"href":"https:\/\/unigemsa.com\/eu\/wp-json\/wp\/v2\/pages\/852","targetHints":{"allow":["GET"]}}],"collection":[{"href":"https:\/\/unigemsa.com\/eu\/wp-json\/wp\/v2\/pages"}],"about":[{"href":"https:\/\/unigemsa.com\/eu\/wp-json\/wp\/v2\/types\/page"}],"author":[{"embeddable":true,"href":"https:\/\/unigemsa.com\/eu\/wp-json\/wp\/v2\/users\/4"}],"replies":[{"embeddable":true,"href":"https:\/\/unigemsa.com\/eu\/wp-json\/wp\/v2\/comments?post=852"}],"version-history":[{"count":0,"href":"https:\/\/unigemsa.com\/eu\/wp-json\/wp\/v2\/pages\/852\/revisions"}],"up":[{"embeddable":true,"href":"https:\/\/unigemsa.com\/eu\/wp-json\/wp\/v2\/pages\/546"}],"wp:attachment":[{"href":"https:\/\/unigemsa.com\/eu\/wp-json\/wp\/v2\/media?parent=852"}],"curies":[{"name":"wp","href":"https:\/\/api.w.org\/{rel}","templated":true}]}}