{"id":646,"date":"2014-11-12T13:22:24","date_gmt":"2014-11-12T12:22:24","guid":{"rendered":"http:\/\/www.unigemsa.com\/contacto\/enviado\/"},"modified":"2016-11-29T18:20:57","modified_gmt":"2016-11-29T16:20:57","slug":"formularioa-bidalita","status":"publish","type":"page","link":"https:\/\/unigemsa.com\/eu\/kontaktua\/formularioa-bidalita\/","title":{"rendered":"Formularioa Bidalita"},"content":{"rendered":"<div class=\"fusion-fullwidth fullwidth-box fusion-builder-row-1 hundred-percent-fullwidth non-hundred-percent-height-scrolling\" style=\"background-color: rgba(255,255,255,0);background-position: center center;background-repeat: no-repeat;padding-top:0px;padding-right:0px;padding-bottom:0px;padding-left:0px;margin-bottom: 0px;margin-top: 0px;border-width: 0px 0px 0px 0px;border-color:#eae9e9;border-style:solid;\" ><div class=\"fusion-builder-row fusion-row\"><div class=\"fusion-layout-column fusion_builder_column fusion-builder-column-0 fusion_builder_column_1_1 1_1 fusion-one-full fusion-column-first fusion-column-last fusion-column-no-min-height\" style=\"margin-top:0px;margin-bottom:0px;\"><div class=\"fusion-column-wrapper fusion-flex-column-wrapper-legacy\" style=\"background-position:left top;background-repeat:no-repeat;-webkit-background-size:cover;-moz-background-size:cover;-o-background-size:cover;background-size:cover;padding: 0px 0px 0px 0px;\"><i class=\"fb-icon-element-1 fb-icon-element fontawesome-icon fa fa-check-square circle-no fusion-text-flow\" style=\"font-size:40px;margin-right:20px;\"><\/i><style>i.fb-icon-element.fontawesome-icon.fb-icon-element-1{ color: #81d742;}i.fb-icon-element.fontawesome-icon.fb-icon-element-1:hover { color: #81d742;}<\/style>\n<div class=\"fusion-text fusion-text-1\" style=\"transform:translate3d(0,0,0);\"><h2><strong>Formularioa ondo bidali da.<\/strong><\/h2>\n<p>Lehen bailen zuekin jarriko gara kontaktuan.<\/p>\n<p>eskerrik asko gurekin harremanetan jartzeagatik.<\/p>\n<\/div><div class=\"fusion-clearfix\"><\/div><\/div><\/div><\/div><style type=\"text\/css\">.fusion-fullwidth.fusion-builder-row-1 { overflow:visible; }<\/style><\/div>\n","protected":false},"excerpt":{"rendered":"","protected":false},"author":4,"featured_media":0,"parent":548,"menu_order":0,"comment_status":"open","ping_status":"closed","template":"","meta":{"jetpack_post_was_ever_published":false,"footnotes":""},"class_list":["post-646","page","type-page","status-publish","hentry"],"yoast_head":"<!-- This site is optimized with the Yoast SEO plugin v27.5 - https:\/\/yoast.com\/product\/yoast-seo-wordpress\/ -->\n<title>Formularioa Bidalita - UNIGEMSA - Uni\u00f3n de Gesti\u00f3n Empresarial<\/title>\n<meta name=\"description\" content=\"Formularioa Bidalita\" \/>\n<meta name=\"robots\" content=\"index, follow, max-snippet:-1, max-image-preview:large, max-video-preview:-1\" \/>\n<link rel=\"canonical\" href=\"https:\/\/unigemsa.com\/eu\/kontaktua\/formularioa-bidalita\/\" \/>\n<meta property=\"og:locale\" content=\"en_US\" \/>\n<meta property=\"og:type\" content=\"article\" \/>\n<meta property=\"og:title\" content=\"Formularioa Bidalita - UNIGEMSA - Uni\u00f3n de Gesti\u00f3n Empresarial\" \/>\n<meta property=\"og:description\" content=\"Formularioa Bidalita\" \/>\n<meta property=\"og:url\" content=\"https:\/\/unigemsa.com\/eu\/kontaktua\/formularioa-bidalita\/\" \/>\n<meta property=\"og:site_name\" content=\"UNIGEMSA - Uni\u00f3n de Gesti\u00f3n Empresarial\" \/>\n<meta property=\"article:publisher\" content=\"https:\/\/es-es.facebook.com\/UNIGEMSA\/\" \/>\n<meta property=\"article:modified_time\" content=\"2016-11-29T16:20:57+00:00\" \/>\n<meta property=\"og:image\" content=\"https:\/\/i0.wp.com\/unigemsa.com\/wp-content\/uploads\/2023\/02\/UNIGEMSA-logo-030-HOR-web.png?fit=250%2C60&ssl=1\" \/>\n\t<meta property=\"og:image:width\" content=\"250\" \/>\n\t<meta property=\"og:image:height\" content=\"60\" \/>\n\t<meta property=\"og:image:type\" content=\"image\/png\" \/>\n<meta name=\"twitter:label1\" content=\"Est. reading time\" \/>\n\t<meta name=\"twitter:data1\" content=\"1 minutua\" \/>\n<script type=\"application\/ld+json\" class=\"yoast-schema-graph\">{\"@context\":\"https:\\\/\\\/schema.org\",\"@graph\":[{\"@type\":\"WebPage\",\"@id\":\"https:\\\/\\\/unigemsa.com\\\/eu\\\/kontaktua\\\/formularioa-bidalita\\\/\",\"url\":\"https:\\\/\\\/unigemsa.com\\\/eu\\\/kontaktua\\\/formularioa-bidalita\\\/\",\"name\":\"Formularioa Bidalita - UNIGEMSA - Uni\u00f3n de Gesti\u00f3n Empresarial\",\"isPartOf\":{\"@id\":\"https:\\\/\\\/unigemsa.com\\\/eu\\\/#website\"},\"datePublished\":\"2014-11-12T12:22:24+00:00\",\"dateModified\":\"2016-11-29T16:20:57+00:00\",\"description\":\"Formularioa Bidalita\",\"breadcrumb\":{\"@id\":\"https:\\\/\\\/unigemsa.com\\\/eu\\\/kontaktua\\\/formularioa-bidalita\\\/#breadcrumb\"},\"inLanguage\":\"eu\",\"potentialAction\":[{\"@type\":\"ReadAction\",\"target\":[\"https:\\\/\\\/unigemsa.com\\\/eu\\\/kontaktua\\\/formularioa-bidalita\\\/\"]}]},{\"@type\":\"BreadcrumbList\",\"@id\":\"https:\\\/\\\/unigemsa.com\\\/eu\\\/kontaktua\\\/formularioa-bidalita\\\/#breadcrumb\",\"itemListElement\":[{\"@type\":\"ListItem\",\"position\":1,\"name\":\"Kontaktua\",\"item\":\"https:\\\/\\\/unigemsa.com\\\/eu\\\/kontaktua\\\/\"},{\"@type\":\"ListItem\",\"position\":2,\"name\":\"Formularioa Bidalita\"}]},{\"@type\":\"WebSite\",\"@id\":\"https:\\\/\\\/unigemsa.com\\\/eu\\\/#website\",\"url\":\"https:\\\/\\\/unigemsa.com\\\/eu\\\/\",\"name\":\"Unigemsa - Asesor\u00eda y gestor\u00eda para empresas\",\"description\":\"Servicios de Consultor\u00eda y Gesti\u00f3n Empresarial en Donostia-San Sebasti\u00e1n\",\"publisher\":{\"@id\":\"https:\\\/\\\/unigemsa.com\\\/eu\\\/#organization\"},\"alternateName\":\"Unigemsa\",\"potentialAction\":[{\"@type\":\"SearchAction\",\"target\":{\"@type\":\"EntryPoint\",\"urlTemplate\":\"https:\\\/\\\/unigemsa.com\\\/eu\\\/?s={search_term_string}\"},\"query-input\":{\"@type\":\"PropertyValueSpecification\",\"valueRequired\":true,\"valueName\":\"search_term_string\"}}],\"inLanguage\":\"eu\"},{\"@type\":\"Organization\",\"@id\":\"https:\\\/\\\/unigemsa.com\\\/eu\\\/#organization\",\"name\":\"Unigemsa - Asesor\u00eda y gestor\u00eda para empresas\",\"alternateName\":\"Unigemsa\",\"url\":\"https:\\\/\\\/unigemsa.com\\\/eu\\\/\",\"logo\":{\"@type\":\"ImageObject\",\"inLanguage\":\"eu\",\"@id\":\"https:\\\/\\\/unigemsa.com\\\/eu\\\/#\\\/schema\\\/logo\\\/image\\\/\",\"url\":\"https:\\\/\\\/i0.wp.com\\\/unigemsa.com\\\/wp-content\\\/uploads\\\/2019\\\/02\\\/UNIGEMSA.jpg?fit=229%2C229&ssl=1\",\"contentUrl\":\"https:\\\/\\\/i0.wp.com\\\/unigemsa.com\\\/wp-content\\\/uploads\\\/2019\\\/02\\\/UNIGEMSA.jpg?fit=229%2C229&ssl=1\",\"width\":229,\"height\":229,\"caption\":\"Unigemsa - Asesor\u00eda y gestor\u00eda para empresas\"},\"image\":{\"@id\":\"https:\\\/\\\/unigemsa.com\\\/eu\\\/#\\\/schema\\\/logo\\\/image\\\/\"},\"sameAs\":[\"https:\\\/\\\/es-es.facebook.com\\\/UNIGEMSA\\\/\"]}]}<\/script>\n<!-- \/ Yoast SEO plugin. -->","yoast_head_json":{"title":"Formularioa Bidalita - UNIGEMSA - Uni\u00f3n de Gesti\u00f3n Empresarial","description":"Formularioa Bidalita","robots":{"index":"index","follow":"follow","max-snippet":"max-snippet:-1","max-image-preview":"max-image-preview:large","max-video-preview":"max-video-preview:-1"},"canonical":"https:\/\/unigemsa.com\/eu\/kontaktua\/formularioa-bidalita\/","og_locale":"en_US","og_type":"article","og_title":"Formularioa Bidalita - UNIGEMSA - Uni\u00f3n de Gesti\u00f3n Empresarial","og_description":"Formularioa Bidalita","og_url":"https:\/\/unigemsa.com\/eu\/kontaktua\/formularioa-bidalita\/","og_site_name":"UNIGEMSA - Uni\u00f3n de Gesti\u00f3n Empresarial","article_publisher":"https:\/\/es-es.facebook.com\/UNIGEMSA\/","article_modified_time":"2016-11-29T16:20:57+00:00","og_image":[{"width":250,"height":60,"url":"https:\/\/i0.wp.com\/unigemsa.com\/wp-content\/uploads\/2023\/02\/UNIGEMSA-logo-030-HOR-web.png?fit=250%2C60&ssl=1","type":"image\/png"}],"twitter_misc":{"Est. reading time":"1 minutua"},"schema":{"@context":"https:\/\/schema.org","@graph":[{"@type":"WebPage","@id":"https:\/\/unigemsa.com\/eu\/kontaktua\/formularioa-bidalita\/","url":"https:\/\/unigemsa.com\/eu\/kontaktua\/formularioa-bidalita\/","name":"Formularioa Bidalita - UNIGEMSA - Uni\u00f3n de Gesti\u00f3n Empresarial","isPartOf":{"@id":"https:\/\/unigemsa.com\/eu\/#website"},"datePublished":"2014-11-12T12:22:24+00:00","dateModified":"2016-11-29T16:20:57+00:00","description":"Formularioa Bidalita","breadcrumb":{"@id":"https:\/\/unigemsa.com\/eu\/kontaktua\/formularioa-bidalita\/#breadcrumb"},"inLanguage":"eu","potentialAction":[{"@type":"ReadAction","target":["https:\/\/unigemsa.com\/eu\/kontaktua\/formularioa-bidalita\/"]}]},{"@type":"BreadcrumbList","@id":"https:\/\/unigemsa.com\/eu\/kontaktua\/formularioa-bidalita\/#breadcrumb","itemListElement":[{"@type":"ListItem","position":1,"name":"Kontaktua","item":"https:\/\/unigemsa.com\/eu\/kontaktua\/"},{"@type":"ListItem","position":2,"name":"Formularioa Bidalita"}]},{"@type":"WebSite","@id":"https:\/\/unigemsa.com\/eu\/#website","url":"https:\/\/unigemsa.com\/eu\/","name":"Unigemsa - Asesor\u00eda y gestor\u00eda para empresas","description":"Servicios de Consultor\u00eda y Gesti\u00f3n Empresarial en Donostia-San Sebasti\u00e1n","publisher":{"@id":"https:\/\/unigemsa.com\/eu\/#organization"},"alternateName":"Unigemsa","potentialAction":[{"@type":"SearchAction","target":{"@type":"EntryPoint","urlTemplate":"https:\/\/unigemsa.com\/eu\/?s={search_term_string}"},"query-input":{"@type":"PropertyValueSpecification","valueRequired":true,"valueName":"search_term_string"}}],"inLanguage":"eu"},{"@type":"Organization","@id":"https:\/\/unigemsa.com\/eu\/#organization","name":"Unigemsa - Asesor\u00eda y gestor\u00eda para empresas","alternateName":"Unigemsa","url":"https:\/\/unigemsa.com\/eu\/","logo":{"@type":"ImageObject","inLanguage":"eu","@id":"https:\/\/unigemsa.com\/eu\/#\/schema\/logo\/image\/","url":"https:\/\/i0.wp.com\/unigemsa.com\/wp-content\/uploads\/2019\/02\/UNIGEMSA.jpg?fit=229%2C229&ssl=1","contentUrl":"https:\/\/i0.wp.com\/unigemsa.com\/wp-content\/uploads\/2019\/02\/UNIGEMSA.jpg?fit=229%2C229&ssl=1","width":229,"height":229,"caption":"Unigemsa - Asesor\u00eda y gestor\u00eda para empresas"},"image":{"@id":"https:\/\/unigemsa.com\/eu\/#\/schema\/logo\/image\/"},"sameAs":["https:\/\/es-es.facebook.com\/UNIGEMSA\/"]}]}},"jetpack_sharing_enabled":true,"jetpack_shortlink":"https:\/\/wp.me\/P8P6xc-aq","jetpack-related-posts":[],"_links":{"self":[{"href":"https:\/\/unigemsa.com\/eu\/wp-json\/wp\/v2\/pages\/646","targetHints":{"allow":["GET"]}}],"collection":[{"href":"https:\/\/unigemsa.com\/eu\/wp-json\/wp\/v2\/pages"}],"about":[{"href":"https:\/\/unigemsa.com\/eu\/wp-json\/wp\/v2\/types\/page"}],"author":[{"embeddable":true,"href":"https:\/\/unigemsa.com\/eu\/wp-json\/wp\/v2\/users\/4"}],"replies":[{"embeddable":true,"href":"https:\/\/unigemsa.com\/eu\/wp-json\/wp\/v2\/comments?post=646"}],"version-history":[{"count":0,"href":"https:\/\/unigemsa.com\/eu\/wp-json\/wp\/v2\/pages\/646\/revisions"}],"up":[{"embeddable":true,"href":"https:\/\/unigemsa.com\/eu\/wp-json\/wp\/v2\/pages\/548"}],"wp:attachment":[{"href":"https:\/\/unigemsa.com\/eu\/wp-json\/wp\/v2\/media?parent=646"}],"curies":[{"name":"wp","href":"https:\/\/api.w.org\/{rel}","templated":true}]}}