{"id":566,"date":"2014-10-01T20:29:16","date_gmt":"2014-10-01T20:29:16","guid":{"rendered":"http:\/\/www.unigemsa.com\/servcios-de-asesoria\/asesoria-contable\/"},"modified":"2016-11-29T18:20:59","modified_gmt":"2016-11-29T16:20:59","slug":"kontabilitate-aholkularitza","status":"publish","type":"page","link":"https:\/\/unigemsa.com\/eu\/aholkulari-zerbitzuak\/kontabilitate-aholkularitza\/","title":{"rendered":"Kontabilitate Aholkularitza"},"content":{"rendered":"<div class=\"fusion-fullwidth fullwidth-box fusion-builder-row-1 hundred-percent-fullwidth non-hundred-percent-height-scrolling\" style=\"background-color: rgba(255,255,255,0);background-position: center center;background-repeat: no-repeat;padding-top:0px;padding-right:0px;padding-bottom:0px;padding-left:0px;margin-bottom: 0px;margin-top: 0px;border-width: 0px 0px 0px 0px;border-color:#eae9e9;border-style:solid;\" ><div class=\"fusion-builder-row fusion-row\"><div class=\"fusion-layout-column fusion_builder_column fusion-builder-column-0 fusion_builder_column_1_6 1_6 fusion-one-sixth fusion-column-first\" style=\"width:16.666666666667%;width:calc(16.666666666667% - ( ( 4% ) * 0.16666666666667 ) );margin-right: 4%;margin-top:0px;margin-bottom:20px;\"><div class=\"fusion-column-wrapper fusion-flex-column-wrapper-legacy\" style=\"background-position:left top;background-repeat:no-repeat;-webkit-background-size:cover;-moz-background-size:cover;-o-background-size:cover;background-size:cover;padding: 0px 0px 0px 0px;\">\n<div class=\"fusion-fa-align-left\"><i class=\"fb-icon-element-1 fb-icon-element fontawesome-icon fa fa-eur circle-yes\" style=\"font-size:35.2px;line-height:68.4px;height:70.4px;width:70.4px;border-width:1px;margin-right:20px;\"><\/i><\/div><style>i.fb-icon-element.fontawesome-icon.fb-icon-element-1{ color: #ffffff; background-color: #333333; border-color: #333333;}i.fb-icon-element.fontawesome-icon.fb-icon-element-1:hover { color: #ffffff; background-color: #333333; border-color: #333333;}<\/style><div class=\"fusion-clearfix\"><\/div><\/div><\/div>\n<div class=\"fusion-layout-column fusion_builder_column fusion-builder-column-1 fusion_builder_column_5_6 5_6 fusion-five-sixth fusion-column-last\" style=\"width:83.333333333333%;width:calc(83.333333333333% - ( ( 4% ) * 0.83333333333333 ) );margin-top:0px;margin-bottom:20px;\"><div class=\"fusion-column-wrapper fusion-flex-column-wrapper-legacy\" style=\"background-position:left top;background-repeat:no-repeat;-webkit-background-size:cover;-moz-background-size:cover;-o-background-size:cover;background-size:cover;padding: 0px 0px 0px 0px;\">\n<style type=\"text\/css\"><\/style><div class=\"fusion-title title fusion-title-1 fusion-title-text fusion-title-size-one\" style=\"margin-top:0px;margin-bottom:31px;\"><h1 class=\"title-heading-left\" style=\"margin:0;\">kontabilitate aholkularitza<\/h1><div class=\"title-sep-container\"><div class=\"title-sep sep-single sep-solid\" style=\"border-color:#e0dede;\"><\/div><\/div><\/div>\n<div class=\"fusion-clearfix\"><\/div><\/div><\/div>\n<div class=\"fusion-layout-column fusion_builder_column fusion-builder-column-2 fusion_builder_column_1_1 1_1 fusion-one-full fusion-column-first fusion-column-last fusion-column-no-min-height\" style=\"margin-top:0px;margin-bottom:0px;\"><div class=\"fusion-column-wrapper fusion-flex-column-wrapper-legacy\" style=\"background-position:left top;background-repeat:no-repeat;-webkit-background-size:cover;-moz-background-size:cover;-o-background-size:cover;background-size:cover;padding: 0px 0px 0px 0px;\"><div class=\"fusion-sep-clear\"><\/div><div class=\"fusion-separator fusion-has-icon fusion-full-width-sep\" style=\"margin-left: auto;margin-right: auto;margin-top:10px;margin-bottom:50px;width:100%;\"><div class=\"fusion-separator-border sep-single sep-dashed\" style=\"border-color:#333333;border-top-width:1px;\"><\/div><span class=\"icon-wrapper\" style=\"border-color:#333333;background-color:rgba(255,255,255,0);font-size:13px;width: 1.75em; height: 1.75em;border-width:1px;padding:1px;margin-top:-0.5px\"><i class=\" fa fa-bookmark\" style=\"font-size: inherit;color:#333333;\" aria-hidden=\"true\"><\/i><\/span><div class=\"fusion-separator-border sep-single sep-dashed\" style=\"border-color:#333333;border-top-width:1px;\"><\/div><\/div><div class=\"fusion-sep-clear\"><\/div>\n<div class=\"fusion-clearfix\"><\/div><\/div><\/div><div class=\"fusion-layout-column fusion_builder_column fusion-builder-column-3 fusion_builder_column_1_1 1_1 fusion-one-full fusion-column-first fusion-column-last fusion-column-no-min-height\" style=\"margin-top:0px;margin-bottom:0px;\"><div class=\"fusion-column-wrapper fusion-flex-column-wrapper-legacy\" style=\"background-position:left top;background-repeat:no-repeat;-webkit-background-size:cover;-moz-background-size:cover;-o-background-size:cover;background-size:cover;padding: 0px 0px 0px 0px;\"><style type=\"text\/css\"><\/style><div class=\"fusion-title title fusion-title-2 fusion-title-text fusion-title-size-two\" style=\"margin-top:0px;margin-bottom:31px;\"><h2 class=\"title-heading-left\" style=\"margin:0;\">Unigemsan kontabilitate aholkularitza zerbitzu hauek eskaintzen ditugu.<\/h2><div class=\"title-sep-container\"><div class=\"title-sep sep-single sep-solid\" style=\"border-color:#e0dede;\"><\/div><\/div><\/div>\n<ul>\n<li>Enpresaren arazoen aurreko azterketa.<\/li>\n<li>Haren kontabilitatea osatu eta abiaraztea:\n<ul>\n<li>Haren ezaugarrien araberako kontabilitate sistema ezartzea.<\/li>\n<li>Kontabilitatearen Plan Nagusira egokitutako kontuen plana egitea.<\/li>\n<li>Gure azterlanari jarraiki eta enpresaren beharrizanen arabera, behar beste kontu eta azpikontu zabaltzea.<\/li>\n<\/ul>\n<\/li>\n<li>Merkataritzako Kodean derrigorrezkotzat jotzen diren Kontabilitate Liburuak zabaldu eta zigilatzea, baita BEZaren Estatutu Arauek edo Sozietateen gaineko Zergaren Araudiak adierazitako liburu bereziak ere.<\/li>\n<li>Aurreko atalean aipatutako Kontabilitate Liburuak zuek emandako datuak oinarri hartuta eramatea.<\/li>\n<li>Enpresak kontabilitateaz arduratzeko hautatzen duen pertsona prestatu eta gaitzea, haren jardueraren arabera eta modu egokian eramateko moduan.<\/li>\n<li>Kontabilitate arloa aldizka berrikustea, gerta daitezkeen arazoak antzeman eta zuzentzeko.<\/li>\n<li>Bezeroari fakturen erregistroa eta urteko inbentarioa egiten laguntzea.<\/li>\n<li>Haren balantze eta emaitza kontuak ofizialki indarrean dauden zerga arauen arabera betetzea, zuek emandako datuetatik aurrera.<\/li>\n<li>Sozietateen gaineko Zergaren aitorpena prestatu, bete eta bideratzea.<\/li>\n<li>Kontabilitate Liburuen ikuskapenaren aurrean enpresa ordezkatzea.<\/li>\n<li>Enpresaren kontabilitate egoera sortu edo aldatzeari buruzko nahitaezko eskaerak edo instantziak idaztea.<\/li>\n<li>Derrigorrean bete behar diren eta haren kontabilitatea egiteari eragiten dioten arauen berri ematea enpresari.<\/li>\n<li>Enpresan sortzen diren kontabilitate arloko arazoetan aholkularitza ematea: amortizazioak, erregularizazioak, inbertsioak, zerga arinketak, diru-laguntzak, &#8230;<\/li>\n<li>Urteko kontuak, kudeaketa txostena, ziurtagiriak eta Merkataritza Erregistroan aurkeztu beharreko dokumentuak egitea.<\/li>\n<li>Kontabilitate aholkularitza.<\/li>\n<\/ul>\n<div class=\"fusion-sep-clear\"><\/div><div class=\"fusion-separator fusion-has-icon fusion-full-width-sep\" style=\"margin-left: auto;margin-right: auto;margin-top:40px;margin-bottom:60px;width:100%;\"><div class=\"fusion-separator-border sep-single sep-dashed\" style=\"border-color:#333333;border-top-width:1px;\"><\/div><span class=\"icon-wrapper\" style=\"border-color:#333333;background-color:rgba(255,255,255,0);font-size:13px;width: 1.75em; height: 1.75em;border-width:1px;padding:1px;margin-top:-0.5px\"><i class=\" fa fa-bookmark\" style=\"font-size: inherit;color:#333333;\" aria-hidden=\"true\"><\/i><\/span><div class=\"fusion-separator-border sep-single sep-dashed\" style=\"border-color:#333333;border-top-width:1px;\"><\/div><\/div><div class=\"fusion-sep-clear\"><\/div>\n<div class=\"fusion-clearfix\"><\/div><\/div><\/div><div class=\"fusion-layout-column fusion_builder_column fusion-builder-column-4 fusion_builder_column_1_1 1_1 fusion-one-full fusion-column-first fusion-column-last fusion-column-no-min-height\" style=\"margin-top:0px;margin-bottom:0px;\"><div class=\"fusion-column-wrapper fusion-flex-column-wrapper-legacy\" style=\"background-position:left top;background-repeat:no-repeat;-webkit-background-size:cover;-moz-background-size:cover;-o-background-size:cover;background-size:cover;padding: 0px 0px 0px 0px;\"><style type='text\/css'>.reading-box-container-1 .element-bottomshadow:before,.reading-box-container-1 .element-bottomshadow:after{opacity:0.5;}<\/style><div class=\"fusion-reading-box-container reading-box-container-1\" style=\"margin-top:0px;margin-bottom:84px;\"><div class=\"reading-box element-bottomshadow\" style=\"background-color:#fff;border-width:1px;border-color:#ddd;border-left-width:3px;border-left-color:var(--primary_color);border-style:solid;\"><a class=\"button fusion-button button-default fusion-button-medium button-medium button-flat fusion-desktop-button fusion-tagline-button continue fusion-desktop-button-margin continue-right\" style=\"-webkit-box-shadow:none;-moz-box-shadow:none;box-shadow:none;border-radius:0px;\" href=\"\/eu\/kontaktua\/\" target=\"_self\"><span>Kontaktua<\/span><\/a><h2>Informazio gehiago nahi baduzu<\/h2><div class=\"reading-box-description fusion-reading-box-additional\">Gurekin harremanetan jarri behar baduzu <strong>Kontabilitate Aholkularitza zerbitzuari<\/strong> buruz, formulario elektronikoa bete behar da.<\/div><div class=\"fusion-clearfix\"><\/div><a class=\"button fusion-button button-default fusion-button-medium button-medium button-flat fusion-mobile-button continue-right\" style=\"-webkit-box-shadow:none;-moz-box-shadow:none;box-shadow:none;border-radius:0px;\" href=\"\/eu\/kontaktua\/\" target=\"_self\"><span>Kontaktua<\/span><\/a><\/div><\/div><div class=\"fusion-clearfix\"><\/div><\/div><\/div><\/div><style type=\"text\/css\">.fusion-fullwidth.fusion-builder-row-1 { overflow:visible; }<\/style><\/div>\n","protected":false},"excerpt":{"rendered":"","protected":false},"author":4,"featured_media":0,"parent":550,"menu_order":2,"comment_status":"open","ping_status":"closed","template":"side-navigation.php","meta":{"jetpack_post_was_ever_published":false,"footnotes":""},"class_list":["post-566","page","type-page","status-publish","hentry"],"yoast_head":"<!-- This site is optimized with the Yoast SEO plugin v27.4 - https:\/\/yoast.com\/product\/yoast-seo-wordpress\/ -->\n<title>Kontabilitate Aholkularitza - UNIGEMSA - Uni\u00f3n de Gesti\u00f3n Empresarial<\/title>\n<meta name=\"description\" content=\"Unigemasan Kontabilitate Aholkularitza zerbitzuak ditu.\" \/>\n<meta name=\"robots\" content=\"index, follow, max-snippet:-1, max-image-preview:large, max-video-preview:-1\" \/>\n<link rel=\"canonical\" href=\"https:\/\/unigemsa.com\/eu\/aholkulari-zerbitzuak\/kontabilitate-aholkularitza\/\" \/>\n<meta property=\"og:locale\" content=\"en_US\" \/>\n<meta property=\"og:type\" content=\"article\" \/>\n<meta property=\"og:title\" content=\"Kontabilitate Aholkularitza - UNIGEMSA - Uni\u00f3n de Gesti\u00f3n Empresarial\" \/>\n<meta property=\"og:description\" content=\"Unigemasan Kontabilitate Aholkularitza zerbitzuak ditu.\" \/>\n<meta property=\"og:url\" content=\"https:\/\/unigemsa.com\/eu\/aholkulari-zerbitzuak\/kontabilitate-aholkularitza\/\" \/>\n<meta property=\"og:site_name\" content=\"UNIGEMSA - Uni\u00f3n de Gesti\u00f3n Empresarial\" \/>\n<meta property=\"article:publisher\" content=\"https:\/\/es-es.facebook.com\/UNIGEMSA\/\" \/>\n<meta property=\"article:modified_time\" content=\"2016-11-29T16:20:59+00:00\" \/>\n<meta property=\"og:image\" content=\"https:\/\/i0.wp.com\/unigemsa.com\/wp-content\/uploads\/2023\/02\/UNIGEMSA-logo-030-HOR-web.png?fit=250%2C60&ssl=1\" \/>\n\t<meta property=\"og:image:width\" content=\"250\" \/>\n\t<meta property=\"og:image:height\" content=\"60\" \/>\n\t<meta property=\"og:image:type\" content=\"image\/png\" \/>\n<meta name=\"twitter:label1\" content=\"Est. reading time\" \/>\n\t<meta name=\"twitter:data1\" content=\"3 minutua\" \/>\n<script type=\"application\/ld+json\" class=\"yoast-schema-graph\">{\"@context\":\"https:\\\/\\\/schema.org\",\"@graph\":[{\"@type\":\"WebPage\",\"@id\":\"https:\\\/\\\/unigemsa.com\\\/eu\\\/aholkulari-zerbitzuak\\\/kontabilitate-aholkularitza\\\/\",\"url\":\"https:\\\/\\\/unigemsa.com\\\/eu\\\/aholkulari-zerbitzuak\\\/kontabilitate-aholkularitza\\\/\",\"name\":\"Kontabilitate Aholkularitza - UNIGEMSA - Uni\u00f3n de Gesti\u00f3n Empresarial\",\"isPartOf\":{\"@id\":\"https:\\\/\\\/unigemsa.com\\\/eu\\\/#website\"},\"datePublished\":\"2014-10-01T20:29:16+00:00\",\"dateModified\":\"2016-11-29T16:20:59+00:00\",\"description\":\"Unigemasan Kontabilitate Aholkularitza zerbitzuak ditu.\",\"breadcrumb\":{\"@id\":\"https:\\\/\\\/unigemsa.com\\\/eu\\\/aholkulari-zerbitzuak\\\/kontabilitate-aholkularitza\\\/#breadcrumb\"},\"inLanguage\":\"eu\",\"potentialAction\":[{\"@type\":\"ReadAction\",\"target\":[\"https:\\\/\\\/unigemsa.com\\\/eu\\\/aholkulari-zerbitzuak\\\/kontabilitate-aholkularitza\\\/\"]}]},{\"@type\":\"BreadcrumbList\",\"@id\":\"https:\\\/\\\/unigemsa.com\\\/eu\\\/aholkulari-zerbitzuak\\\/kontabilitate-aholkularitza\\\/#breadcrumb\",\"itemListElement\":[{\"@type\":\"ListItem\",\"position\":1,\"name\":\"Aholkulari Zerbitzuak\",\"item\":\"https:\\\/\\\/unigemsa.com\\\/eu\\\/aholkulari-zerbitzuak\\\/\"},{\"@type\":\"ListItem\",\"position\":2,\"name\":\"Kontabilitate Aholkularitza\"}]},{\"@type\":\"WebSite\",\"@id\":\"https:\\\/\\\/unigemsa.com\\\/eu\\\/#website\",\"url\":\"https:\\\/\\\/unigemsa.com\\\/eu\\\/\",\"name\":\"Unigemsa - Asesor\u00eda y gestor\u00eda para empresas\",\"description\":\"Servicios de Consultor\u00eda y Gesti\u00f3n Empresarial en Donostia-San Sebasti\u00e1n\",\"publisher\":{\"@id\":\"https:\\\/\\\/unigemsa.com\\\/eu\\\/#organization\"},\"alternateName\":\"Unigemsa\",\"potentialAction\":[{\"@type\":\"SearchAction\",\"target\":{\"@type\":\"EntryPoint\",\"urlTemplate\":\"https:\\\/\\\/unigemsa.com\\\/eu\\\/?s={search_term_string}\"},\"query-input\":{\"@type\":\"PropertyValueSpecification\",\"valueRequired\":true,\"valueName\":\"search_term_string\"}}],\"inLanguage\":\"eu\"},{\"@type\":\"Organization\",\"@id\":\"https:\\\/\\\/unigemsa.com\\\/eu\\\/#organization\",\"name\":\"Unigemsa - Asesor\u00eda y gestor\u00eda para empresas\",\"alternateName\":\"Unigemsa\",\"url\":\"https:\\\/\\\/unigemsa.com\\\/eu\\\/\",\"logo\":{\"@type\":\"ImageObject\",\"inLanguage\":\"eu\",\"@id\":\"https:\\\/\\\/unigemsa.com\\\/eu\\\/#\\\/schema\\\/logo\\\/image\\\/\",\"url\":\"https:\\\/\\\/i0.wp.com\\\/unigemsa.com\\\/wp-content\\\/uploads\\\/2019\\\/02\\\/UNIGEMSA.jpg?fit=229%2C229&ssl=1\",\"contentUrl\":\"https:\\\/\\\/i0.wp.com\\\/unigemsa.com\\\/wp-content\\\/uploads\\\/2019\\\/02\\\/UNIGEMSA.jpg?fit=229%2C229&ssl=1\",\"width\":229,\"height\":229,\"caption\":\"Unigemsa - Asesor\u00eda y gestor\u00eda para empresas\"},\"image\":{\"@id\":\"https:\\\/\\\/unigemsa.com\\\/eu\\\/#\\\/schema\\\/logo\\\/image\\\/\"},\"sameAs\":[\"https:\\\/\\\/es-es.facebook.com\\\/UNIGEMSA\\\/\"]}]}<\/script>\n<!-- \/ Yoast SEO plugin. -->","yoast_head_json":{"title":"Kontabilitate Aholkularitza - UNIGEMSA - Uni\u00f3n de Gesti\u00f3n Empresarial","description":"Unigemasan Kontabilitate Aholkularitza zerbitzuak ditu.","robots":{"index":"index","follow":"follow","max-snippet":"max-snippet:-1","max-image-preview":"max-image-preview:large","max-video-preview":"max-video-preview:-1"},"canonical":"https:\/\/unigemsa.com\/eu\/aholkulari-zerbitzuak\/kontabilitate-aholkularitza\/","og_locale":"en_US","og_type":"article","og_title":"Kontabilitate Aholkularitza - UNIGEMSA - Uni\u00f3n de Gesti\u00f3n Empresarial","og_description":"Unigemasan Kontabilitate Aholkularitza zerbitzuak ditu.","og_url":"https:\/\/unigemsa.com\/eu\/aholkulari-zerbitzuak\/kontabilitate-aholkularitza\/","og_site_name":"UNIGEMSA - Uni\u00f3n de Gesti\u00f3n Empresarial","article_publisher":"https:\/\/es-es.facebook.com\/UNIGEMSA\/","article_modified_time":"2016-11-29T16:20:59+00:00","og_image":[{"width":250,"height":60,"url":"https:\/\/i0.wp.com\/unigemsa.com\/wp-content\/uploads\/2023\/02\/UNIGEMSA-logo-030-HOR-web.png?fit=250%2C60&ssl=1","type":"image\/png"}],"twitter_misc":{"Est. reading time":"3 minutua"},"schema":{"@context":"https:\/\/schema.org","@graph":[{"@type":"WebPage","@id":"https:\/\/unigemsa.com\/eu\/aholkulari-zerbitzuak\/kontabilitate-aholkularitza\/","url":"https:\/\/unigemsa.com\/eu\/aholkulari-zerbitzuak\/kontabilitate-aholkularitza\/","name":"Kontabilitate Aholkularitza - UNIGEMSA - Uni\u00f3n de Gesti\u00f3n Empresarial","isPartOf":{"@id":"https:\/\/unigemsa.com\/eu\/#website"},"datePublished":"2014-10-01T20:29:16+00:00","dateModified":"2016-11-29T16:20:59+00:00","description":"Unigemasan Kontabilitate Aholkularitza zerbitzuak ditu.","breadcrumb":{"@id":"https:\/\/unigemsa.com\/eu\/aholkulari-zerbitzuak\/kontabilitate-aholkularitza\/#breadcrumb"},"inLanguage":"eu","potentialAction":[{"@type":"ReadAction","target":["https:\/\/unigemsa.com\/eu\/aholkulari-zerbitzuak\/kontabilitate-aholkularitza\/"]}]},{"@type":"BreadcrumbList","@id":"https:\/\/unigemsa.com\/eu\/aholkulari-zerbitzuak\/kontabilitate-aholkularitza\/#breadcrumb","itemListElement":[{"@type":"ListItem","position":1,"name":"Aholkulari Zerbitzuak","item":"https:\/\/unigemsa.com\/eu\/aholkulari-zerbitzuak\/"},{"@type":"ListItem","position":2,"name":"Kontabilitate Aholkularitza"}]},{"@type":"WebSite","@id":"https:\/\/unigemsa.com\/eu\/#website","url":"https:\/\/unigemsa.com\/eu\/","name":"Unigemsa - Asesor\u00eda y gestor\u00eda para empresas","description":"Servicios de Consultor\u00eda y Gesti\u00f3n Empresarial en Donostia-San Sebasti\u00e1n","publisher":{"@id":"https:\/\/unigemsa.com\/eu\/#organization"},"alternateName":"Unigemsa","potentialAction":[{"@type":"SearchAction","target":{"@type":"EntryPoint","urlTemplate":"https:\/\/unigemsa.com\/eu\/?s={search_term_string}"},"query-input":{"@type":"PropertyValueSpecification","valueRequired":true,"valueName":"search_term_string"}}],"inLanguage":"eu"},{"@type":"Organization","@id":"https:\/\/unigemsa.com\/eu\/#organization","name":"Unigemsa - Asesor\u00eda y gestor\u00eda para empresas","alternateName":"Unigemsa","url":"https:\/\/unigemsa.com\/eu\/","logo":{"@type":"ImageObject","inLanguage":"eu","@id":"https:\/\/unigemsa.com\/eu\/#\/schema\/logo\/image\/","url":"https:\/\/i0.wp.com\/unigemsa.com\/wp-content\/uploads\/2019\/02\/UNIGEMSA.jpg?fit=229%2C229&ssl=1","contentUrl":"https:\/\/i0.wp.com\/unigemsa.com\/wp-content\/uploads\/2019\/02\/UNIGEMSA.jpg?fit=229%2C229&ssl=1","width":229,"height":229,"caption":"Unigemsa - Asesor\u00eda y gestor\u00eda para empresas"},"image":{"@id":"https:\/\/unigemsa.com\/eu\/#\/schema\/logo\/image\/"},"sameAs":["https:\/\/es-es.facebook.com\/UNIGEMSA\/"]}]}},"jetpack_sharing_enabled":true,"jetpack_shortlink":"https:\/\/wp.me\/P8P6xc-98","jetpack-related-posts":[],"_links":{"self":[{"href":"https:\/\/unigemsa.com\/eu\/wp-json\/wp\/v2\/pages\/566","targetHints":{"allow":["GET"]}}],"collection":[{"href":"https:\/\/unigemsa.com\/eu\/wp-json\/wp\/v2\/pages"}],"about":[{"href":"https:\/\/unigemsa.com\/eu\/wp-json\/wp\/v2\/types\/page"}],"author":[{"embeddable":true,"href":"https:\/\/unigemsa.com\/eu\/wp-json\/wp\/v2\/users\/4"}],"replies":[{"embeddable":true,"href":"https:\/\/unigemsa.com\/eu\/wp-json\/wp\/v2\/comments?post=566"}],"version-history":[{"count":0,"href":"https:\/\/unigemsa.com\/eu\/wp-json\/wp\/v2\/pages\/566\/revisions"}],"up":[{"embeddable":true,"href":"https:\/\/unigemsa.com\/eu\/wp-json\/wp\/v2\/pages\/550"}],"wp:attachment":[{"href":"https:\/\/unigemsa.com\/eu\/wp-json\/wp\/v2\/media?parent=566"}],"curies":[{"name":"wp","href":"https:\/\/api.w.org\/{rel}","templated":true}]}}