{"id":557,"date":"2014-10-02T15:11:46","date_gmt":"2014-10-02T15:11:46","guid":{"rendered":"http:\/\/www.unigemsa.com\/legal\/mapa-web\/"},"modified":"2016-11-29T18:20:57","modified_gmt":"2016-11-29T16:20:57","slug":"web-mapa","status":"publish","type":"page","link":"https:\/\/unigemsa.com\/eu\/lege\/web-mapa\/","title":{"rendered":"Web mapa"},"content":{"rendered":"<div class=\"fusion-fullwidth fullwidth-box fusion-builder-row-1 hundred-percent-fullwidth non-hundred-percent-height-scrolling\" style=\"background-color: rgba(255,255,255,0);background-position: center center;background-repeat: no-repeat;padding-top:0px;padding-right:0px;padding-bottom:0px;padding-left:0px;margin-bottom: 0px;margin-top: 0px;border-width: 0px 0px 0px 0px;border-color:#eae9e9;border-style:solid;\" ><div class=\"fusion-builder-row fusion-row\"><div class=\"fusion-layout-column fusion_builder_column fusion-builder-column-0 fusion_builder_column_1_1 1_1 fusion-one-full fusion-column-first fusion-column-last fusion-column-no-min-height\" style=\"margin-top:0px;margin-bottom:0px;\"><div class=\"fusion-column-wrapper fusion-flex-column-wrapper-legacy\" style=\"background-position:left top;background-repeat:no-repeat;-webkit-background-size:cover;-moz-background-size:cover;-o-background-size:cover;background-size:cover;padding: 0px 0px 0px 0px;\"><style type=\"text\/css\"><\/style><div class=\"fusion-title title fusion-title-1 fusion-title-text fusion-title-size-one\" style=\"margin-top:0px;margin-bottom:31px;\"><h1 class=\"title-heading-left\" style=\"margin:0;\">Web mapa<\/h1><div class=\"title-sep-container\"><div class=\"title-sep sep-single sep-solid\" style=\"border-color:#e0dede;\"><\/div><\/div><\/div>\n<div class=\"fusion-clearfix\"><\/div><\/div><\/div><div class=\"fusion-layout-column fusion_builder_column fusion-builder-column-1 fusion_builder_column_1_1 1_1 fusion-one-full fusion-column-first fusion-column-last fusion-column-no-min-height\" style=\"margin-top:0px;margin-bottom:0px;\"><div class=\"fusion-column-wrapper fusion-flex-column-wrapper-legacy\" style=\"background-position:left top;background-repeat:no-repeat;-webkit-background-size:cover;-moz-background-size:cover;-o-background-size:cover;background-size:cover;padding: 0px 0px 0px 0px;\"><div class=\"wsp-container\"><h2 class=\"wsp-pages-title\">Pages<\/h2>\n<ul class=\"wsp-pages-list\">\n<li class=\"page_item page-item-552\"><a href=\"https:\/\/unigemsa.com\/eu\/\">Hasiera<\/a><\/li>\n<li class=\"page_item page-item-1295\"><a href=\"https:\/\/unigemsa.com\/eu\/zirkularrak\/\">zirkularrak<\/a><\/li>\n<li class=\"page_item page-item-555\"><a href=\"https:\/\/unigemsa.com\/eu\/bezero-kudeatzaileentzako-sarbidea\/\">Bezero\/kudeatzaileentzako sarbidea<\/a><\/li>\n<li class=\"page_item page-item-551 page_item_has_children\"><a href=\"https:\/\/unigemsa.com\/eu\/enpresa\/\">Enpresa<\/a>\n<ul class='children'>\n\t<li class=\"page_item page-item-556\"><a href=\"https:\/\/unigemsa.com\/eu\/enpresa\/talde\/\">Talde<\/a><\/li>\n<\/ul>\n<\/li>\n<li class=\"page_item page-item-550 page_item_has_children\"><a href=\"https:\/\/unigemsa.com\/eu\/aholkulari-zerbitzuak\/\">Aholkulari Zerbitzuak<\/a>\n<ul class='children'>\n\t<li class=\"page_item page-item-568\"><a href=\"https:\/\/unigemsa.com\/eu\/aholkulari-zerbitzuak\/aholkularitza-fiskala\/\">Aholkularitza Fiskala<\/a><\/li>\n\t<li class=\"page_item page-item-567\"><a href=\"https:\/\/unigemsa.com\/eu\/aholkulari-zerbitzuak\/lan-arloko-ahorkularitza\/\">Lan arloko aholkularitza<\/a><\/li>\n\t<li class=\"page_item page-item-566\"><a href=\"https:\/\/unigemsa.com\/eu\/aholkulari-zerbitzuak\/kontabilitate-aholkularitza\/\">Kontabilitate Aholkularitza<\/a><\/li>\n\t<li class=\"page_item page-item-565\"><a href=\"https:\/\/unigemsa.com\/eu\/aholkulari-zerbitzuak\/zuzenbide-arloko-aholkularitza\/\">Zuzenbide arloko aholkularitza<\/a><\/li>\n\t<li class=\"page_item page-item-564\"><a href=\"https:\/\/unigemsa.com\/eu\/aholkulari-zerbitzuak\/merkataritza-arloko-aholkularitza\/\">Merkataritza arloko aholkularitza<\/a><\/li>\n\t<li class=\"page_item page-item-563\"><a href=\"https:\/\/unigemsa.com\/eu\/aholkulari-zerbitzuak\/lopd-aholkularitza\/\">LOPD aholkularitza<\/a><\/li>\n\t<li class=\"page_item page-item-562\"><a href=\"https:\/\/unigemsa.com\/eu\/aholkulari-zerbitzuak\/administrazioa\/\">Administrazioa<\/a><\/li>\n\t<li class=\"page_item page-item-561\"><a href=\"https:\/\/unigemsa.com\/eu\/aholkulari-zerbitzuak\/aholkularitza-patenteak-eta-markak-gil-vega\/\">Aholkularitza patenteak eta markak (gil vega)<\/a><\/li>\n<\/ul>\n<\/li>\n<li class=\"page_item page-item-549 page_item_has_children\"><a href=\"https:\/\/unigemsa.com\/eu\/aurrekontu-eskaera\/\">Aurrekontu eskaera<\/a>\n<ul class='children'>\n\t<li class=\"page_item page-item-647\"><a href=\"https:\/\/unigemsa.com\/eu\/aurrekontu-eskaera\/bidalita\/\">Aurrekontu eskaera bidalita<\/a><\/li>\n<\/ul>\n<\/li>\n<li class=\"page_item page-item-548 page_item_has_children\"><a href=\"https:\/\/unigemsa.com\/eu\/kontaktua\/\">Kontaktua<\/a>\n<ul class='children'>\n\t<li class=\"page_item page-item-646\"><a href=\"https:\/\/unigemsa.com\/eu\/kontaktua\/formularioa-bidalita\/\">Formularioa Bidalita<\/a><\/li>\n<\/ul>\n<\/li>\n<li class=\"page_item page-item-547\"><a href=\"https:\/\/unigemsa.com\/eu\/kokapena\/\">Kokapena<\/a><\/li>\n<li class=\"page_item page-item-546 page_item_has_children\"><a href=\"https:\/\/unigemsa.com\/eu\/lege\/\">Lege<\/a>\n<ul class='children'>\n\t<li class=\"page_item page-item-852\"><a href=\"https:\/\/unigemsa.com\/eu\/lege\/cookien-politika\/\">Cookien politika<\/a><\/li>\n\t<li class=\"page_item page-item-558\"><a href=\"https:\/\/unigemsa.com\/eu\/lege\/datuen-babesa\/\">Datuen babesa<\/a><\/li>\n\t<li class=\"page_item page-item-559\"><a href=\"https:\/\/unigemsa.com\/eu\/lege\/erabiltzeko-baldintzak\/\">Erabiltzeko baldintzak<\/a><\/li>\n\t<li class=\"page_item page-item-560\"><a href=\"https:\/\/unigemsa.com\/eu\/lege\/lege-oharra\/\">Lege oharra<\/a><\/li>\n\t<li class=\"page_item page-item-557\"><a href=\"https:\/\/unigemsa.com\/eu\/lege\/web-mapa\/\">Web mapa<\/a><\/li>\n<\/ul>\n<\/li>\n<\/ul>\n<h2 class=\"wsp-slide-pages-title\">Avada Sliders<\/h2>\n<ul class=\"wsp-slide-pages-list\">\n<li><a href=\"https:\/\/unigemsa.com\/eu\/slide-page\/portada-eu-eu\/\">portada-eu<\/a><\/li>\n<li><a href=\"https:\/\/unigemsa.com\/eu\/slide-page\/portada-eus\/\">portada-eus<\/a><\/li>\n<\/ul>\n<\/div><div class=\"fusion-clearfix\"><\/div><\/div><\/div><\/div><style type=\"text\/css\">.fusion-fullwidth.fusion-builder-row-1 { overflow:visible; }<\/style><\/div>\n","protected":false},"excerpt":{"rendered":"","protected":false},"author":4,"featured_media":0,"parent":546,"menu_order":0,"comment_status":"open","ping_status":"closed","template":"","meta":{"jetpack_post_was_ever_published":false,"footnotes":""},"class_list":["post-557","page","type-page","status-publish","hentry"],"yoast_head":"<!-- This site is optimized with the Yoast SEO plugin v27.5 - https:\/\/yoast.com\/product\/yoast-seo-wordpress\/ -->\n<title>Web mapa - UNIGEMSA - Uni\u00f3n de Gesti\u00f3n Empresarial<\/title>\n<meta name=\"description\" content=\"Web Mapa Unigemsa\" \/>\n<meta name=\"robots\" content=\"index, follow, max-snippet:-1, max-image-preview:large, max-video-preview:-1\" \/>\n<link rel=\"canonical\" href=\"https:\/\/unigemsa.com\/eu\/lege\/web-mapa\/\" \/>\n<meta property=\"og:locale\" content=\"en_US\" \/>\n<meta property=\"og:type\" content=\"article\" \/>\n<meta property=\"og:title\" content=\"Web mapa - UNIGEMSA - Uni\u00f3n de Gesti\u00f3n Empresarial\" \/>\n<meta property=\"og:description\" content=\"Web Mapa Unigemsa\" \/>\n<meta property=\"og:url\" content=\"https:\/\/unigemsa.com\/eu\/lege\/web-mapa\/\" \/>\n<meta property=\"og:site_name\" content=\"UNIGEMSA - Uni\u00f3n de Gesti\u00f3n Empresarial\" \/>\n<meta property=\"article:publisher\" content=\"https:\/\/es-es.facebook.com\/UNIGEMSA\/\" \/>\n<meta property=\"article:modified_time\" content=\"2016-11-29T16:20:57+00:00\" \/>\n<meta property=\"og:image\" content=\"https:\/\/i0.wp.com\/unigemsa.com\/wp-content\/uploads\/2023\/02\/UNIGEMSA-logo-030-HOR-web.png?fit=250%2C60&ssl=1\" \/>\n\t<meta property=\"og:image:width\" content=\"250\" \/>\n\t<meta property=\"og:image:height\" content=\"60\" \/>\n\t<meta property=\"og:image:type\" content=\"image\/png\" \/>\n<meta name=\"twitter:label1\" content=\"Est. reading time\" \/>\n\t<meta name=\"twitter:data1\" content=\"1 minutua\" \/>\n<script type=\"application\/ld+json\" class=\"yoast-schema-graph\">{\"@context\":\"https:\\\/\\\/schema.org\",\"@graph\":[{\"@type\":\"WebPage\",\"@id\":\"https:\\\/\\\/unigemsa.com\\\/eu\\\/lege\\\/web-mapa\\\/\",\"url\":\"https:\\\/\\\/unigemsa.com\\\/eu\\\/lege\\\/web-mapa\\\/\",\"name\":\"Web mapa - UNIGEMSA - Uni\u00f3n de Gesti\u00f3n Empresarial\",\"isPartOf\":{\"@id\":\"https:\\\/\\\/unigemsa.com\\\/eu\\\/#website\"},\"datePublished\":\"2014-10-02T15:11:46+00:00\",\"dateModified\":\"2016-11-29T16:20:57+00:00\",\"description\":\"Web Mapa Unigemsa\",\"breadcrumb\":{\"@id\":\"https:\\\/\\\/unigemsa.com\\\/eu\\\/lege\\\/web-mapa\\\/#breadcrumb\"},\"inLanguage\":\"eu\",\"potentialAction\":[{\"@type\":\"ReadAction\",\"target\":[\"https:\\\/\\\/unigemsa.com\\\/eu\\\/lege\\\/web-mapa\\\/\"]}]},{\"@type\":\"BreadcrumbList\",\"@id\":\"https:\\\/\\\/unigemsa.com\\\/eu\\\/lege\\\/web-mapa\\\/#breadcrumb\",\"itemListElement\":[{\"@type\":\"ListItem\",\"position\":1,\"name\":\"Lege\",\"item\":\"https:\\\/\\\/unigemsa.com\\\/eu\\\/lege\\\/\"},{\"@type\":\"ListItem\",\"position\":2,\"name\":\"Web mapa\"}]},{\"@type\":\"WebSite\",\"@id\":\"https:\\\/\\\/unigemsa.com\\\/eu\\\/#website\",\"url\":\"https:\\\/\\\/unigemsa.com\\\/eu\\\/\",\"name\":\"Unigemsa - Asesor\u00eda y gestor\u00eda para empresas\",\"description\":\"Servicios de Consultor\u00eda y Gesti\u00f3n Empresarial en Donostia-San Sebasti\u00e1n\",\"publisher\":{\"@id\":\"https:\\\/\\\/unigemsa.com\\\/eu\\\/#organization\"},\"alternateName\":\"Unigemsa\",\"potentialAction\":[{\"@type\":\"SearchAction\",\"target\":{\"@type\":\"EntryPoint\",\"urlTemplate\":\"https:\\\/\\\/unigemsa.com\\\/eu\\\/?s={search_term_string}\"},\"query-input\":{\"@type\":\"PropertyValueSpecification\",\"valueRequired\":true,\"valueName\":\"search_term_string\"}}],\"inLanguage\":\"eu\"},{\"@type\":\"Organization\",\"@id\":\"https:\\\/\\\/unigemsa.com\\\/eu\\\/#organization\",\"name\":\"Unigemsa - Asesor\u00eda y gestor\u00eda para empresas\",\"alternateName\":\"Unigemsa\",\"url\":\"https:\\\/\\\/unigemsa.com\\\/eu\\\/\",\"logo\":{\"@type\":\"ImageObject\",\"inLanguage\":\"eu\",\"@id\":\"https:\\\/\\\/unigemsa.com\\\/eu\\\/#\\\/schema\\\/logo\\\/image\\\/\",\"url\":\"https:\\\/\\\/i0.wp.com\\\/unigemsa.com\\\/wp-content\\\/uploads\\\/2019\\\/02\\\/UNIGEMSA.jpg?fit=229%2C229&ssl=1\",\"contentUrl\":\"https:\\\/\\\/i0.wp.com\\\/unigemsa.com\\\/wp-content\\\/uploads\\\/2019\\\/02\\\/UNIGEMSA.jpg?fit=229%2C229&ssl=1\",\"width\":229,\"height\":229,\"caption\":\"Unigemsa - Asesor\u00eda y gestor\u00eda para empresas\"},\"image\":{\"@id\":\"https:\\\/\\\/unigemsa.com\\\/eu\\\/#\\\/schema\\\/logo\\\/image\\\/\"},\"sameAs\":[\"https:\\\/\\\/es-es.facebook.com\\\/UNIGEMSA\\\/\"]}]}<\/script>\n<!-- \/ Yoast SEO plugin. -->","yoast_head_json":{"title":"Web mapa - UNIGEMSA - Uni\u00f3n de Gesti\u00f3n Empresarial","description":"Web Mapa Unigemsa","robots":{"index":"index","follow":"follow","max-snippet":"max-snippet:-1","max-image-preview":"max-image-preview:large","max-video-preview":"max-video-preview:-1"},"canonical":"https:\/\/unigemsa.com\/eu\/lege\/web-mapa\/","og_locale":"en_US","og_type":"article","og_title":"Web mapa - UNIGEMSA - Uni\u00f3n de Gesti\u00f3n Empresarial","og_description":"Web Mapa Unigemsa","og_url":"https:\/\/unigemsa.com\/eu\/lege\/web-mapa\/","og_site_name":"UNIGEMSA - Uni\u00f3n de Gesti\u00f3n Empresarial","article_publisher":"https:\/\/es-es.facebook.com\/UNIGEMSA\/","article_modified_time":"2016-11-29T16:20:57+00:00","og_image":[{"width":250,"height":60,"url":"https:\/\/i0.wp.com\/unigemsa.com\/wp-content\/uploads\/2023\/02\/UNIGEMSA-logo-030-HOR-web.png?fit=250%2C60&ssl=1","type":"image\/png"}],"twitter_misc":{"Est. reading time":"1 minutua"},"schema":{"@context":"https:\/\/schema.org","@graph":[{"@type":"WebPage","@id":"https:\/\/unigemsa.com\/eu\/lege\/web-mapa\/","url":"https:\/\/unigemsa.com\/eu\/lege\/web-mapa\/","name":"Web mapa - UNIGEMSA - Uni\u00f3n de Gesti\u00f3n Empresarial","isPartOf":{"@id":"https:\/\/unigemsa.com\/eu\/#website"},"datePublished":"2014-10-02T15:11:46+00:00","dateModified":"2016-11-29T16:20:57+00:00","description":"Web Mapa Unigemsa","breadcrumb":{"@id":"https:\/\/unigemsa.com\/eu\/lege\/web-mapa\/#breadcrumb"},"inLanguage":"eu","potentialAction":[{"@type":"ReadAction","target":["https:\/\/unigemsa.com\/eu\/lege\/web-mapa\/"]}]},{"@type":"BreadcrumbList","@id":"https:\/\/unigemsa.com\/eu\/lege\/web-mapa\/#breadcrumb","itemListElement":[{"@type":"ListItem","position":1,"name":"Lege","item":"https:\/\/unigemsa.com\/eu\/lege\/"},{"@type":"ListItem","position":2,"name":"Web mapa"}]},{"@type":"WebSite","@id":"https:\/\/unigemsa.com\/eu\/#website","url":"https:\/\/unigemsa.com\/eu\/","name":"Unigemsa - Asesor\u00eda y gestor\u00eda para empresas","description":"Servicios de Consultor\u00eda y Gesti\u00f3n Empresarial en Donostia-San Sebasti\u00e1n","publisher":{"@id":"https:\/\/unigemsa.com\/eu\/#organization"},"alternateName":"Unigemsa","potentialAction":[{"@type":"SearchAction","target":{"@type":"EntryPoint","urlTemplate":"https:\/\/unigemsa.com\/eu\/?s={search_term_string}"},"query-input":{"@type":"PropertyValueSpecification","valueRequired":true,"valueName":"search_term_string"}}],"inLanguage":"eu"},{"@type":"Organization","@id":"https:\/\/unigemsa.com\/eu\/#organization","name":"Unigemsa - Asesor\u00eda y gestor\u00eda para empresas","alternateName":"Unigemsa","url":"https:\/\/unigemsa.com\/eu\/","logo":{"@type":"ImageObject","inLanguage":"eu","@id":"https:\/\/unigemsa.com\/eu\/#\/schema\/logo\/image\/","url":"https:\/\/i0.wp.com\/unigemsa.com\/wp-content\/uploads\/2019\/02\/UNIGEMSA.jpg?fit=229%2C229&ssl=1","contentUrl":"https:\/\/i0.wp.com\/unigemsa.com\/wp-content\/uploads\/2019\/02\/UNIGEMSA.jpg?fit=229%2C229&ssl=1","width":229,"height":229,"caption":"Unigemsa - Asesor\u00eda y gestor\u00eda para empresas"},"image":{"@id":"https:\/\/unigemsa.com\/eu\/#\/schema\/logo\/image\/"},"sameAs":["https:\/\/es-es.facebook.com\/UNIGEMSA\/"]}]}},"jetpack_sharing_enabled":true,"jetpack_shortlink":"https:\/\/wp.me\/P8P6xc-8Z","jetpack-related-posts":[],"_links":{"self":[{"href":"https:\/\/unigemsa.com\/eu\/wp-json\/wp\/v2\/pages\/557","targetHints":{"allow":["GET"]}}],"collection":[{"href":"https:\/\/unigemsa.com\/eu\/wp-json\/wp\/v2\/pages"}],"about":[{"href":"https:\/\/unigemsa.com\/eu\/wp-json\/wp\/v2\/types\/page"}],"author":[{"embeddable":true,"href":"https:\/\/unigemsa.com\/eu\/wp-json\/wp\/v2\/users\/4"}],"replies":[{"embeddable":true,"href":"https:\/\/unigemsa.com\/eu\/wp-json\/wp\/v2\/comments?post=557"}],"version-history":[{"count":0,"href":"https:\/\/unigemsa.com\/eu\/wp-json\/wp\/v2\/pages\/557\/revisions"}],"up":[{"embeddable":true,"href":"https:\/\/unigemsa.com\/eu\/wp-json\/wp\/v2\/pages\/546"}],"wp:attachment":[{"href":"https:\/\/unigemsa.com\/eu\/wp-json\/wp\/v2\/media?parent=557"}],"curies":[{"name":"wp","href":"https:\/\/api.w.org\/{rel}","templated":true}]}}