{"id":556,"date":"2014-11-04T12:06:29","date_gmt":"2014-11-04T11:06:29","guid":{"rendered":"http:\/\/www.unigemsa.com\/empresa\/equipo\/"},"modified":"2016-11-29T18:20:57","modified_gmt":"2016-11-29T16:20:57","slug":"talde","status":"publish","type":"page","link":"https:\/\/unigemsa.com\/eu\/enpresa\/talde\/","title":{"rendered":"Talde"},"content":{"rendered":"<div class=\"fusion-fullwidth fullwidth-box fusion-builder-row-1 hundred-percent-fullwidth non-hundred-percent-height-scrolling\" style=\"background-color: rgba(255,255,255,0);background-position: center center;background-repeat: no-repeat;padding-top:0px;padding-right:0px;padding-bottom:0px;padding-left:0px;margin-bottom: 0px;margin-top: 0px;border-width: 0px 0px 0px 0px;border-color:#eae9e9;border-style:solid;\" ><div class=\"fusion-builder-row fusion-row\"><div class=\"fusion-layout-column fusion_builder_column fusion-builder-column-0 fusion_builder_column_1_3 1_3 fusion-one-third fusion-column-first\" style=\"width:33.333333333333%;width:calc(33.333333333333% - ( ( 4% + 4% ) * 0.33333333333333 ) );margin-right: 4%;margin-top:0px;margin-bottom:20px;\"><div class=\"fusion-column-wrapper fusion-flex-column-wrapper-legacy\" style=\"background-position:left top;background-repeat:no-repeat;-webkit-background-size:cover;-moz-background-size:cover;-o-background-size:cover;background-size:cover;padding: 0px 0px 0px 0px;\"><div class=\"fusion-person person fusion-person-left fusion-person-1 fusion-person-icon-top\"><style>.fusion-person-1 .element-bottomshadow:before, .fusion-person-1 .element-bottomshadow:after{-webkit-box-shadow: 0 17px 10px rgba(0,0,0,0.3);box-shadow: 0 17px 10px rgba(0,0,0,0.3);}<\/style><div class=\"person-shortcode-image-wrapper\"><div class=\"person-image-container hover-type-none element-bottomshadow\" style=\"border:1px solid #f6f6f6;-webkit-border-radius:0px;-moz-border-radius:0px;border-radius:0px;\"><img data-recalc-dims=\"1\" height=\"300\" width=\"249\" decoding=\"async\" class=\"person-img img-responsive lazyload\" data-src=\"https:\/\/i0.wp.com\/www.unigemsa.com\/wp-content\/uploads\/2014\/11\/MG_22042-249x300.jpg?resize=249%2C300\" alt=\"Pedro de Carlos Gand\u00e1segui\" src=\"data:image\/svg+xml;base64,PHN2ZyB3aWR0aD0iMSIgaGVpZ2h0PSIxIiB4bWxucz0iaHR0cDovL3d3dy53My5vcmcvMjAwMC9zdmciPjwvc3ZnPg==\" style=\"--smush-placeholder-width: 249px; --smush-placeholder-aspect-ratio: 249\/300;\" \/><\/div><\/div><div class=\"person-desc\"><div class=\"person-author\"><div class=\"person-author-wrapper\"><span class=\"person-name\">Pedro de Carlos Gand\u00e1segui<\/span><span class=\"person-title\">Zuzendari<\/span><\/div><\/div><div class=\"person-content fusion-clearfix\">Licenciado en derecho por la Universidad de Navarra<br \/>\nMaster de Derecho Jur\u00eddico-Laboral por el Centro de Estudios Garrigues 2002\/2003<br \/>\nLan arloa arduraduna.<\/div><\/div><\/div><div class=\"fusion-clearfix\"><\/div><\/div><\/div><div class=\"fusion-layout-column fusion_builder_column fusion-builder-column-1 fusion_builder_column_1_3 1_3 fusion-one-third\" style=\"width:33.333333333333%;width:calc(33.333333333333% - ( ( 4% + 4% ) * 0.33333333333333 ) );margin-right: 4%;margin-top:0px;margin-bottom:20px;\"><div class=\"fusion-column-wrapper fusion-flex-column-wrapper-legacy\" style=\"background-position:left top;background-repeat:no-repeat;-webkit-background-size:cover;-moz-background-size:cover;-o-background-size:cover;background-size:cover;padding: 0px 0px 0px 0px;\"><div class=\"fusion-person person fusion-person-left fusion-person-2 fusion-person-icon-top\"><div class=\"person-shortcode-image-wrapper\"><div class=\"person-image-container hover-type-none\" style=\"border:0px solid #f6f6f6;-webkit-border-radius:0px;-moz-border-radius:0px;border-radius:0px;\"><img data-recalc-dims=\"1\" height=\"300\" width=\"239\" decoding=\"async\" class=\"person-img img-responsive lazyload\" data-src=\"https:\/\/i0.wp.com\/www.unigemsa.com\/wp-content\/uploads\/2014\/11\/PATXI-239x300.jpg?resize=239%2C300\" alt=\"Patxi Iriarte\" src=\"data:image\/svg+xml;base64,PHN2ZyB3aWR0aD0iMSIgaGVpZ2h0PSIxIiB4bWxucz0iaHR0cDovL3d3dy53My5vcmcvMjAwMC9zdmciPjwvc3ZnPg==\" style=\"--smush-placeholder-width: 239px; --smush-placeholder-aspect-ratio: 239\/300;\" \/><\/div><\/div><div class=\"person-desc\"><div class=\"person-author\"><div class=\"person-author-wrapper\"><span class=\"person-name\">Patxi Iriarte<\/span><span class=\"person-title\">Kontabilitate aholkularitzaren arduraduna<\/span><\/div><\/div><div class=\"person-content fusion-clearfix\">1974.- Perito Mercantil<br \/>\n1977.- Diplomado en Ciencias Empresariales<br \/>\n1979.- Licenciado en Ciencias Econ\u00f3micas y Empresariales, (Secci\u00f3n Empresariales)<br \/>\nArduraduna 1980-tik aurrera.<\/div><\/div><\/div><div class=\"fusion-clearfix\"><\/div><\/div><\/div><div class=\"fusion-layout-column fusion_builder_column fusion-builder-column-2 fusion_builder_column_1_3 1_3 fusion-one-third fusion-column-last\" style=\"width:33.333333333333%;width:calc(33.333333333333% - ( ( 4% + 4% ) * 0.33333333333333 ) );margin-top:0px;margin-bottom:20px;\"><div class=\"fusion-column-wrapper fusion-flex-column-wrapper-legacy\" style=\"background-position:left top;background-repeat:no-repeat;-webkit-background-size:cover;-moz-background-size:cover;-o-background-size:cover;background-size:cover;padding: 0px 0px 0px 0px;\"><div class=\"fusion-person person fusion-person-left fusion-person-3 fusion-person-icon-top\"><\/div><div class=\"fusion-clearfix\"><\/div><\/div><\/div><div class=\"fusion-layout-column fusion_builder_column fusion-builder-column-3 fusion_builder_column_1_1 1_1 fusion-one-full fusion-column-first fusion-column-last fusion-column-no-min-height\" style=\"margin-top:0px;margin-bottom:0px;\"><div class=\"fusion-column-wrapper fusion-flex-column-wrapper-legacy\" style=\"background-position:left top;background-repeat:no-repeat;-webkit-background-size:cover;-moz-background-size:cover;-o-background-size:cover;background-size:cover;padding: 0px 0px 0px 0px;\"><div class=\"fusion-sep-clear\"><\/div><div class=\"fusion-separator fusion-full-width-sep\" style=\"margin-left: auto;margin-right: auto;margin-top:15px;margin-bottom:15px;width:100%;\"><\/div><div class=\"fusion-sep-clear\"><\/div><div class=\"fusion-clearfix\"><\/div><\/div><\/div><div class=\"fusion-layout-column fusion_builder_column fusion-builder-column-4 fusion_builder_column_1_1 1_1 fusion-one-full fusion-column-first fusion-column-last fusion-column-no-min-height\" style=\"margin-top:0px;margin-bottom:0px;\"><div class=\"fusion-column-wrapper fusion-flex-column-wrapper-legacy\" style=\"background-position:left top;background-repeat:no-repeat;-webkit-background-size:cover;-moz-background-size:cover;-o-background-size:cover;background-size:cover;padding: 0px 0px 0px 0px;\"><style type='text\/css'>.reading-box-container-1 .element-bottomshadow:before,.reading-box-container-1 .element-bottomshadow:after{opacity:0.5;}<\/style><div class=\"fusion-reading-box-container reading-box-container-1 fusion-animated\" data-animationType=\"fadeInUp\" data-animationDuration=\"1\" data-animationOffset=\"100%\" style=\"margin-top:0px;margin-bottom:84px;\"><div class=\"reading-box element-bottomshadow\" style=\"background-color:#ffffff;border-width:1px;border-color:#dddddd;border-left-width:3px;border-left-color:var(--primary_color);border-style:solid;\"><a class=\"button fusion-button button-default fusion-button-large button-large button-flat fusion-desktop-button fusion-tagline-button continue fusion-desktop-button-margin continue-right\" style=\"-webkit-box-shadow:none;-moz-box-shadow:none;box-shadow:none;border-radius:0px;\" href=\"\/eu\/kontaktua\/\" target=\"_self\"><span>Kontaktua<\/span><\/a><h2>Talde profesionala zuren zerbitzura beti prest.<\/h2><div class=\"reading-box-description fusion-reading-box-additional\">Zure zerbitzura izango duzu zure enpresaren behar guztiei arreta ipiniko dieten profesionaletako talde bat.<\/div><div class=\"fusion-clearfix\"><\/div><a class=\"button fusion-button button-default fusion-button-large button-large button-flat fusion-mobile-button continue-right\" style=\"-webkit-box-shadow:none;-moz-box-shadow:none;box-shadow:none;border-radius:0px;\" href=\"\/eu\/kontaktua\/\" target=\"_self\"><span>Kontaktua<\/span><\/a><\/div><\/div><div class=\"fusion-sep-clear\"><\/div><div class=\"fusion-separator fusion-full-width-sep\" style=\"margin-left: auto;margin-right: auto;margin-top:-10px;margin-bottom:-10px;width:100%;\"><\/div><div class=\"fusion-sep-clear\"><\/div><div class=\"fusion-clearfix\"><\/div><\/div><\/div><div class=\"fusion-layout-column fusion_builder_column fusion-builder-column-5 fusion_builder_column_1_1 1_1 fusion-one-full fusion-column-first fusion-column-last fusion-column-no-min-height\" style=\"margin-top:0px;margin-bottom:0px;\"><div class=\"fusion-column-wrapper fusion-flex-column-wrapper-legacy\" style=\"background-position:left top;background-repeat:no-repeat;-webkit-background-size:cover;-moz-background-size:cover;-o-background-size:cover;background-size:cover;padding: 0px 0px 0px 0px;\"><style type=\"text\/css\"><\/style><div class=\"fusion-title title fusion-title-1 fusion-title-text fusion-title-size-two\" style=\"margin-top:0px;margin-bottom:31px;\"><h2 class=\"title-heading-left\" style=\"margin:0;\">UNIGEMSA taldearen balio nagusiak<\/h2><div class=\"title-sep-container\"><div class=\"title-sep sep-single sep-solid\" style=\"border-color:#e0dede;\"><\/div><\/div><\/div><div class=\"fusion-clearfix\"><\/div><\/div><\/div><div class=\"fusion-layout-column fusion_builder_column fusion-builder-column-6 fusion_builder_column_1_3 1_3 fusion-one-third fusion-column-first\" style=\"width:33.333333333333%;width:calc(33.333333333333% - ( ( 4% + 4% ) * 0.33333333333333 ) );margin-right: 4%;margin-top:0px;margin-bottom:20px;\"><div class=\"fusion-column-wrapper fusion-flex-column-wrapper-legacy\" style=\"background-position:left top;background-repeat:no-repeat;-webkit-background-size:cover;-moz-background-size:cover;-o-background-size:cover;background-size:cover;padding: 0px 0px 0px 0px;\"><span class=\" fusion-imageframe imageframe-none imageframe-1 hover-type-none fusion-animated\" data-animationType=\"fadeInDown\" data-animationDuration=\"0.5\" data-animationOffset=\"100%\"><img data-recalc-dims=\"1\" decoding=\"async\" data-src=\"https:\/\/i0.wp.com\/www.unigemsa.com\/wp-content\/uploads\/2014\/11\/origin_4808376326.jpg?w=1100\" class=\"img-responsive lazyload\" src=\"data:image\/svg+xml;base64,PHN2ZyB3aWR0aD0iMSIgaGVpZ2h0PSIxIiB4bWxucz0iaHR0cDovL3d3dy53My5vcmcvMjAwMC9zdmciPjwvc3ZnPg==\" \/><\/span><div class=\"fusion-sep-clear\"><\/div><div class=\"fusion-separator fusion-full-width-sep\" style=\"margin-left: auto;margin-right: auto;margin-top:10px;margin-bottom:10px;width:100%;\"><\/div><div class=\"fusion-sep-clear\"><\/div><div class=\"fusion-text fusion-text-1\" style=\"transform:translate3d(0,0,0);\"><p><strong>UNIGEMSA<\/strong><\/p>\n<p>Zure arazoak konpontzen ditugu.<\/p>\n<\/div><div class=\"fusion-clearfix\"><\/div><\/div><\/div><div class=\"fusion-layout-column fusion_builder_column fusion-builder-column-7 fusion_builder_column_1_3 1_3 fusion-one-third\" style=\"width:33.333333333333%;width:calc(33.333333333333% - ( ( 4% + 4% ) * 0.33333333333333 ) );margin-right: 4%;margin-top:0px;margin-bottom:20px;\"><div class=\"fusion-column-wrapper fusion-flex-column-wrapper-legacy\" style=\"background-position:left top;background-repeat:no-repeat;-webkit-background-size:cover;-moz-background-size:cover;-o-background-size:cover;background-size:cover;padding: 0px 0px 0px 0px;\"><span class=\" fusion-imageframe imageframe-none imageframe-2 hover-type-none fusion-animated\" data-animationType=\"fadeInDown\" data-animationDuration=\"0.5\" data-animationOffset=\"100%\"><img data-recalc-dims=\"1\" decoding=\"async\" data-src=\"https:\/\/i0.wp.com\/www.unigemsa.com\/wp-content\/uploads\/2014\/11\/origin_12681830294.jpg?w=1100\" class=\"img-responsive lazyload\" src=\"data:image\/svg+xml;base64,PHN2ZyB3aWR0aD0iMSIgaGVpZ2h0PSIxIiB4bWxucz0iaHR0cDovL3d3dy53My5vcmcvMjAwMC9zdmciPjwvc3ZnPg==\" \/><\/span><div class=\"fusion-sep-clear\"><\/div><div class=\"fusion-separator fusion-full-width-sep\" style=\"margin-left: auto;margin-right: auto;margin-top:10px;margin-bottom:10px;width:100%;\"><\/div><div class=\"fusion-sep-clear\"><\/div><div class=\"fusion-text fusion-text-2\" style=\"transform:translate3d(0,0,0);\"><p><strong>Pertsonak aholkatzen ditugu.<\/p>\n<p><\/strong>Portaera etiko eta konfiantzakoa, beti parte hartzen du, gure erlazioan bezeroarekin.<\/p>\n<\/div><div class=\"fusion-clearfix\"><\/div><\/div><\/div><div class=\"fusion-layout-column fusion_builder_column fusion-builder-column-8 fusion_builder_column_1_3 1_3 fusion-one-third fusion-column-last\" style=\"width:33.333333333333%;width:calc(33.333333333333% - ( ( 4% + 4% ) * 0.33333333333333 ) );margin-top:0px;margin-bottom:20px;\"><div class=\"fusion-column-wrapper fusion-flex-column-wrapper-legacy\" style=\"background-position:left top;background-repeat:no-repeat;-webkit-background-size:cover;-moz-background-size:cover;-o-background-size:cover;background-size:cover;padding: 0px 0px 0px 0px;\"><span class=\" fusion-imageframe imageframe-none imageframe-3 hover-type-none fusion-animated\" data-animationType=\"fadeInDown\" data-animationDuration=\"0.5\" data-animationOffset=\"100%\"><img data-recalc-dims=\"1\" decoding=\"async\" data-src=\"https:\/\/i0.wp.com\/www.unigemsa.com\/wp-content\/uploads\/2014\/11\/origin_10072845116.jpg?w=1100\" class=\"img-responsive lazyload\" src=\"data:image\/svg+xml;base64,PHN2ZyB3aWR0aD0iMSIgaGVpZ2h0PSIxIiB4bWxucz0iaHR0cDovL3d3dy53My5vcmcvMjAwMC9zdmciPjwvc3ZnPg==\" \/><\/span><div class=\"fusion-sep-clear\"><\/div><div class=\"fusion-separator fusion-full-width-sep\" style=\"margin-left: auto;margin-right: auto;margin-top:10px;margin-bottom:10px;width:100%;\"><\/div><div class=\"fusion-sep-clear\"><\/div><div class=\"fusion-text fusion-text-3\" style=\"transform:translate3d(0,0,0);\"><p><strong>Aholkularitza Hurbila.<\/strong><\/p>\n<p>Kalitatea eta erraztasuna.<\/p>\n<\/div><div class=\"fusion-clearfix\"><\/div><\/div><\/div><\/div><style type=\"text\/css\">.fusion-fullwidth.fusion-builder-row-1 { overflow:visible; }<\/style><\/div>\n","protected":false},"excerpt":{"rendered":"","protected":false},"author":4,"featured_media":0,"parent":551,"menu_order":0,"comment_status":"open","ping_status":"closed","template":"","meta":{"jetpack_post_was_ever_published":false,"footnotes":""},"class_list":["post-556","page","type-page","status-publish","hentry"],"yoast_head":"<!-- This site is optimized with the Yoast SEO plugin v27.4 - https:\/\/yoast.com\/product\/yoast-seo-wordpress\/ -->\n<title>Talde - UNIGEMSA - Uni\u00f3n de Gesti\u00f3n Empresarial<\/title>\n<meta name=\"description\" content=\"Unigemsa Talde\" \/>\n<meta name=\"robots\" content=\"index, follow, max-snippet:-1, max-image-preview:large, max-video-preview:-1\" \/>\n<link rel=\"canonical\" href=\"https:\/\/unigemsa.com\/eu\/enpresa\/talde\/\" \/>\n<meta property=\"og:locale\" content=\"en_US\" \/>\n<meta property=\"og:type\" content=\"article\" \/>\n<meta property=\"og:title\" content=\"Talde - UNIGEMSA - Uni\u00f3n de Gesti\u00f3n Empresarial\" \/>\n<meta property=\"og:description\" content=\"Unigemsa Talde\" \/>\n<meta property=\"og:url\" content=\"https:\/\/unigemsa.com\/eu\/enpresa\/talde\/\" \/>\n<meta property=\"og:site_name\" content=\"UNIGEMSA - Uni\u00f3n de Gesti\u00f3n Empresarial\" \/>\n<meta property=\"article:publisher\" content=\"https:\/\/es-es.facebook.com\/UNIGEMSA\/\" \/>\n<meta property=\"article:modified_time\" content=\"2016-11-29T16:20:57+00:00\" \/>\n<meta property=\"og:image\" content=\"http:\/\/www.unigemsa.com\/wp-content\/uploads\/2014\/11\/origin_4808376326.jpg\" \/>\n<meta name=\"twitter:label1\" content=\"Est. reading time\" \/>\n\t<meta name=\"twitter:data1\" content=\"4 minutua\" \/>\n<script type=\"application\/ld+json\" class=\"yoast-schema-graph\">{\"@context\":\"https:\\\/\\\/schema.org\",\"@graph\":[{\"@type\":\"WebPage\",\"@id\":\"https:\\\/\\\/unigemsa.com\\\/eu\\\/enpresa\\\/talde\\\/\",\"url\":\"https:\\\/\\\/unigemsa.com\\\/eu\\\/enpresa\\\/talde\\\/\",\"name\":\"Talde - UNIGEMSA - Uni\u00f3n de Gesti\u00f3n Empresarial\",\"isPartOf\":{\"@id\":\"https:\\\/\\\/unigemsa.com\\\/eu\\\/#website\"},\"primaryImageOfPage\":{\"@id\":\"https:\\\/\\\/unigemsa.com\\\/eu\\\/enpresa\\\/talde\\\/#primaryimage\"},\"image\":{\"@id\":\"https:\\\/\\\/unigemsa.com\\\/eu\\\/enpresa\\\/talde\\\/#primaryimage\"},\"thumbnailUrl\":\"http:\\\/\\\/www.unigemsa.com\\\/wp-content\\\/uploads\\\/2014\\\/11\\\/origin_4808376326.jpg\",\"datePublished\":\"2014-11-04T11:06:29+00:00\",\"dateModified\":\"2016-11-29T16:20:57+00:00\",\"description\":\"Unigemsa Talde\",\"breadcrumb\":{\"@id\":\"https:\\\/\\\/unigemsa.com\\\/eu\\\/enpresa\\\/talde\\\/#breadcrumb\"},\"inLanguage\":\"eu\",\"potentialAction\":[{\"@type\":\"ReadAction\",\"target\":[\"https:\\\/\\\/unigemsa.com\\\/eu\\\/enpresa\\\/talde\\\/\"]}]},{\"@type\":\"ImageObject\",\"inLanguage\":\"eu\",\"@id\":\"https:\\\/\\\/unigemsa.com\\\/eu\\\/enpresa\\\/talde\\\/#primaryimage\",\"url\":\"http:\\\/\\\/www.unigemsa.com\\\/wp-content\\\/uploads\\\/2014\\\/11\\\/origin_4808376326.jpg\",\"contentUrl\":\"http:\\\/\\\/www.unigemsa.com\\\/wp-content\\\/uploads\\\/2014\\\/11\\\/origin_4808376326.jpg\"},{\"@type\":\"BreadcrumbList\",\"@id\":\"https:\\\/\\\/unigemsa.com\\\/eu\\\/enpresa\\\/talde\\\/#breadcrumb\",\"itemListElement\":[{\"@type\":\"ListItem\",\"position\":1,\"name\":\"Enpresa\",\"item\":\"https:\\\/\\\/unigemsa.com\\\/eu\\\/enpresa\\\/\"},{\"@type\":\"ListItem\",\"position\":2,\"name\":\"Talde\"}]},{\"@type\":\"WebSite\",\"@id\":\"https:\\\/\\\/unigemsa.com\\\/eu\\\/#website\",\"url\":\"https:\\\/\\\/unigemsa.com\\\/eu\\\/\",\"name\":\"Unigemsa - Asesor\u00eda y gestor\u00eda para empresas\",\"description\":\"Servicios de Consultor\u00eda y Gesti\u00f3n Empresarial en Donostia-San Sebasti\u00e1n\",\"publisher\":{\"@id\":\"https:\\\/\\\/unigemsa.com\\\/eu\\\/#organization\"},\"alternateName\":\"Unigemsa\",\"potentialAction\":[{\"@type\":\"SearchAction\",\"target\":{\"@type\":\"EntryPoint\",\"urlTemplate\":\"https:\\\/\\\/unigemsa.com\\\/eu\\\/?s={search_term_string}\"},\"query-input\":{\"@type\":\"PropertyValueSpecification\",\"valueRequired\":true,\"valueName\":\"search_term_string\"}}],\"inLanguage\":\"eu\"},{\"@type\":\"Organization\",\"@id\":\"https:\\\/\\\/unigemsa.com\\\/eu\\\/#organization\",\"name\":\"Unigemsa - Asesor\u00eda y gestor\u00eda para empresas\",\"alternateName\":\"Unigemsa\",\"url\":\"https:\\\/\\\/unigemsa.com\\\/eu\\\/\",\"logo\":{\"@type\":\"ImageObject\",\"inLanguage\":\"eu\",\"@id\":\"https:\\\/\\\/unigemsa.com\\\/eu\\\/#\\\/schema\\\/logo\\\/image\\\/\",\"url\":\"https:\\\/\\\/i0.wp.com\\\/unigemsa.com\\\/wp-content\\\/uploads\\\/2019\\\/02\\\/UNIGEMSA.jpg?fit=229%2C229&ssl=1\",\"contentUrl\":\"https:\\\/\\\/i0.wp.com\\\/unigemsa.com\\\/wp-content\\\/uploads\\\/2019\\\/02\\\/UNIGEMSA.jpg?fit=229%2C229&ssl=1\",\"width\":229,\"height\":229,\"caption\":\"Unigemsa - Asesor\u00eda y gestor\u00eda para empresas\"},\"image\":{\"@id\":\"https:\\\/\\\/unigemsa.com\\\/eu\\\/#\\\/schema\\\/logo\\\/image\\\/\"},\"sameAs\":[\"https:\\\/\\\/es-es.facebook.com\\\/UNIGEMSA\\\/\"]}]}<\/script>\n<!-- \/ Yoast SEO plugin. -->","yoast_head_json":{"title":"Talde - UNIGEMSA - Uni\u00f3n de Gesti\u00f3n Empresarial","description":"Unigemsa Talde","robots":{"index":"index","follow":"follow","max-snippet":"max-snippet:-1","max-image-preview":"max-image-preview:large","max-video-preview":"max-video-preview:-1"},"canonical":"https:\/\/unigemsa.com\/eu\/enpresa\/talde\/","og_locale":"en_US","og_type":"article","og_title":"Talde - UNIGEMSA - Uni\u00f3n de Gesti\u00f3n Empresarial","og_description":"Unigemsa Talde","og_url":"https:\/\/unigemsa.com\/eu\/enpresa\/talde\/","og_site_name":"UNIGEMSA - Uni\u00f3n de Gesti\u00f3n Empresarial","article_publisher":"https:\/\/es-es.facebook.com\/UNIGEMSA\/","article_modified_time":"2016-11-29T16:20:57+00:00","og_image":[{"url":"http:\/\/www.unigemsa.com\/wp-content\/uploads\/2014\/11\/origin_4808376326.jpg","type":"","width":"","height":""}],"twitter_misc":{"Est. reading time":"4 minutua"},"schema":{"@context":"https:\/\/schema.org","@graph":[{"@type":"WebPage","@id":"https:\/\/unigemsa.com\/eu\/enpresa\/talde\/","url":"https:\/\/unigemsa.com\/eu\/enpresa\/talde\/","name":"Talde - UNIGEMSA - Uni\u00f3n de Gesti\u00f3n Empresarial","isPartOf":{"@id":"https:\/\/unigemsa.com\/eu\/#website"},"primaryImageOfPage":{"@id":"https:\/\/unigemsa.com\/eu\/enpresa\/talde\/#primaryimage"},"image":{"@id":"https:\/\/unigemsa.com\/eu\/enpresa\/talde\/#primaryimage"},"thumbnailUrl":"http:\/\/www.unigemsa.com\/wp-content\/uploads\/2014\/11\/origin_4808376326.jpg","datePublished":"2014-11-04T11:06:29+00:00","dateModified":"2016-11-29T16:20:57+00:00","description":"Unigemsa Talde","breadcrumb":{"@id":"https:\/\/unigemsa.com\/eu\/enpresa\/talde\/#breadcrumb"},"inLanguage":"eu","potentialAction":[{"@type":"ReadAction","target":["https:\/\/unigemsa.com\/eu\/enpresa\/talde\/"]}]},{"@type":"ImageObject","inLanguage":"eu","@id":"https:\/\/unigemsa.com\/eu\/enpresa\/talde\/#primaryimage","url":"http:\/\/www.unigemsa.com\/wp-content\/uploads\/2014\/11\/origin_4808376326.jpg","contentUrl":"http:\/\/www.unigemsa.com\/wp-content\/uploads\/2014\/11\/origin_4808376326.jpg"},{"@type":"BreadcrumbList","@id":"https:\/\/unigemsa.com\/eu\/enpresa\/talde\/#breadcrumb","itemListElement":[{"@type":"ListItem","position":1,"name":"Enpresa","item":"https:\/\/unigemsa.com\/eu\/enpresa\/"},{"@type":"ListItem","position":2,"name":"Talde"}]},{"@type":"WebSite","@id":"https:\/\/unigemsa.com\/eu\/#website","url":"https:\/\/unigemsa.com\/eu\/","name":"Unigemsa - Asesor\u00eda y gestor\u00eda para empresas","description":"Servicios de Consultor\u00eda y Gesti\u00f3n Empresarial en Donostia-San Sebasti\u00e1n","publisher":{"@id":"https:\/\/unigemsa.com\/eu\/#organization"},"alternateName":"Unigemsa","potentialAction":[{"@type":"SearchAction","target":{"@type":"EntryPoint","urlTemplate":"https:\/\/unigemsa.com\/eu\/?s={search_term_string}"},"query-input":{"@type":"PropertyValueSpecification","valueRequired":true,"valueName":"search_term_string"}}],"inLanguage":"eu"},{"@type":"Organization","@id":"https:\/\/unigemsa.com\/eu\/#organization","name":"Unigemsa - Asesor\u00eda y gestor\u00eda para empresas","alternateName":"Unigemsa","url":"https:\/\/unigemsa.com\/eu\/","logo":{"@type":"ImageObject","inLanguage":"eu","@id":"https:\/\/unigemsa.com\/eu\/#\/schema\/logo\/image\/","url":"https:\/\/i0.wp.com\/unigemsa.com\/wp-content\/uploads\/2019\/02\/UNIGEMSA.jpg?fit=229%2C229&ssl=1","contentUrl":"https:\/\/i0.wp.com\/unigemsa.com\/wp-content\/uploads\/2019\/02\/UNIGEMSA.jpg?fit=229%2C229&ssl=1","width":229,"height":229,"caption":"Unigemsa - Asesor\u00eda y gestor\u00eda para empresas"},"image":{"@id":"https:\/\/unigemsa.com\/eu\/#\/schema\/logo\/image\/"},"sameAs":["https:\/\/es-es.facebook.com\/UNIGEMSA\/"]}]}},"jetpack_sharing_enabled":true,"jetpack_shortlink":"https:\/\/wp.me\/P8P6xc-8Y","jetpack-related-posts":[],"_links":{"self":[{"href":"https:\/\/unigemsa.com\/eu\/wp-json\/wp\/v2\/pages\/556","targetHints":{"allow":["GET"]}}],"collection":[{"href":"https:\/\/unigemsa.com\/eu\/wp-json\/wp\/v2\/pages"}],"about":[{"href":"https:\/\/unigemsa.com\/eu\/wp-json\/wp\/v2\/types\/page"}],"author":[{"embeddable":true,"href":"https:\/\/unigemsa.com\/eu\/wp-json\/wp\/v2\/users\/4"}],"replies":[{"embeddable":true,"href":"https:\/\/unigemsa.com\/eu\/wp-json\/wp\/v2\/comments?post=556"}],"version-history":[{"count":0,"href":"https:\/\/unigemsa.com\/eu\/wp-json\/wp\/v2\/pages\/556\/revisions"}],"up":[{"embeddable":true,"href":"https:\/\/unigemsa.com\/eu\/wp-json\/wp\/v2\/pages\/551"}],"wp:attachment":[{"href":"https:\/\/unigemsa.com\/eu\/wp-json\/wp\/v2\/media?parent=556"}],"curies":[{"name":"wp","href":"https:\/\/api.w.org\/{rel}","templated":true}]}}