{"id":555,"date":"2014-10-15T09:12:14","date_gmt":"2014-10-15T09:12:14","guid":{"rendered":"http:\/\/www.unigemsa.com\/acceso-clientes-gestores-2\/"},"modified":"2025-03-25T14:58:55","modified_gmt":"2025-03-25T12:58:55","slug":"bezero-kudeatzaileentzako-sarbidea","status":"publish","type":"page","link":"https:\/\/unigemsa.com\/eu\/bezero-kudeatzaileentzako-sarbidea\/","title":{"rendered":"Bezero\/kudeatzaileentzako sarbidea"},"content":{"rendered":"<div class=\"fusion-fullwidth fullwidth-box fusion-builder-row-1 hundred-percent-fullwidth non-hundred-percent-height-scrolling\" style=\"background-color: rgba(255,255,255,0);background-position: center center;background-repeat: no-repeat;padding-top:0px;padding-right:0px;padding-bottom:0px;padding-left:0px;margin-bottom: 0px;margin-top: 0px;border-width: 0px 0px 0px 0px;border-color:#eae9e9;border-style:solid;\" ><div class=\"fusion-builder-row fusion-row\"><div class=\"fusion-layout-column fusion_builder_column fusion-builder-column-0 fusion_builder_column_1_1 1_1 fusion-one-full fusion-column-first fusion-column-last fusion-column-no-min-height\" style=\"margin-top:0px;margin-bottom:0px;\"><div class=\"fusion-column-wrapper fusion-flex-column-wrapper-legacy\" style=\"background-position:left top;background-repeat:no-repeat;-webkit-background-size:cover;-moz-background-size:cover;-o-background-size:cover;background-size:cover;padding: 0px 0px 0px 0px;\"><style type=\"text\/css\"><\/style><div class=\"fusion-title title fusion-title-1 fusion-title-text fusion-title-size-one\" style=\"margin-top:0px;margin-bottom:31px;\"><h1 class=\"title-heading-left\" style=\"margin:0;\">Sarrera Bezeroak\/Kudeatzaileak<\/h1><div class=\"title-sep-container\"><div class=\"title-sep sep-single sep-solid\" style=\"border-color:#e0dede;\"><\/div><\/div><\/div><div class=\"fusion-clearfix\"><\/div><\/div><\/div><div class=\"fusion-layout-column fusion_builder_column fusion-builder-column-1 fusion_builder_column_1_2 1_2 fusion-one-half fusion-column-first\" style=\"width:50%;width:calc(50% - ( ( 4% ) * 0.5 ) );margin-right: 4%;margin-top:0px;margin-bottom:20px;\"><div class=\"fusion-column-wrapper fusion-flex-column-wrapper-legacy\" style=\"background-position:left top;background-blend-mode: overlay;background-repeat:no-repeat;-webkit-background-size:cover;-moz-background-size:cover;-o-background-size:cover;background-size:cover;padding: 0px 0px 0px 0px;\"><div class=\"fusion-text fusion-text-1\" style=\"transform:translate3d(0,0,0);\"><section class=\"reading-box element-bottomshadow\" style=\"background-color: #fff; border-left-width: 3px; border-left-color: #d32228; border: 1px solid #ddd;\">\n<h2>Bulego birtualeko sarrera<\/h2>\n<p><iframe data-src=\"https:\/\/portalasesores.es\/\" width=\"100%\" height=\"240px\" frameborder=\"0\" scrolling=\"no\" src=\"data:image\/svg+xml;base64,PHN2ZyB3aWR0aD0iMSIgaGVpZ2h0PSIxIiB4bWxucz0iaHR0cDovL3d3dy53My5vcmcvMjAwMC9zdmciPjwvc3ZnPg==\" data-load-mode=\"1\"><span data-mce-type=\"bookmark\" style=\"display: inline-block; width: 0px; overflow: hidden; line-height: 0;\" class=\"mce_SELRES_start lazyload\">\ufeff<\/span><\/iframe><\/p>\n<\/section>\n<\/div><div class=\"fusion-clearfix\"><\/div><\/div><\/div><div class=\"fusion-layout-column fusion_builder_column fusion-builder-column-2 fusion_builder_column_1_2 1_2 fusion-one-half fusion-column-last\" style=\"width:50%;width:calc(50% - ( ( 4% ) * 0.5 ) );margin-top:0px;margin-bottom:20px;\"><div class=\"fusion-column-wrapper fusion-flex-column-wrapper-legacy\" style=\"background-position:left top;background-blend-mode: overlay;background-repeat:no-repeat;-webkit-background-size:cover;-moz-background-size:cover;-o-background-size:cover;background-size:cover;padding: 0px 0px 0px 0px;\"><div class=\"fusion-text fusion-text-2\" style=\"transform:translate3d(0,0,0);\"><p>UNIGEMSAren bulego birtualeko zure eremu pertsonalera sartzeko, sartu zure erabiltzailea eta pasahitza hurrengo inprimakian eta egin klik &#8216;Onartu&#8217; botoian.<\/p>\n<\/div><div class=\"fusion-clearfix\"><\/div><\/div><\/div><\/div><style type=\"text\/css\">.fusion-fullwidth.fusion-builder-row-1 { overflow:visible; }<\/style><\/div>\n","protected":false},"excerpt":{"rendered":"","protected":false},"author":4,"featured_media":0,"parent":0,"menu_order":1,"comment_status":"open","ping_status":"closed","template":"","meta":{"jetpack_post_was_ever_published":false,"footnotes":""},"class_list":["post-555","page","type-page","status-publish","hentry"],"yoast_head":"<!-- This site is optimized with the Yoast SEO plugin v27.5 - https:\/\/yoast.com\/product\/yoast-seo-wordpress\/ -->\n<title>Bezero\/kudeatzaileentzako sarbidea - UNIGEMSA - Uni\u00f3n de Gesti\u00f3n Empresarial<\/title>\n<meta name=\"description\" content=\"Bezero\/kudeatzaileentzako sarbidea Unigemsa\" \/>\n<meta name=\"robots\" content=\"index, follow, max-snippet:-1, max-image-preview:large, max-video-preview:-1\" \/>\n<link rel=\"canonical\" href=\"https:\/\/unigemsa.com\/eu\/bezero-kudeatzaileentzako-sarbidea\/\" \/>\n<meta property=\"og:locale\" content=\"en_US\" \/>\n<meta property=\"og:type\" content=\"article\" \/>\n<meta property=\"og:title\" content=\"Bezero\/kudeatzaileentzako sarbidea - UNIGEMSA - Uni\u00f3n de Gesti\u00f3n Empresarial\" \/>\n<meta property=\"og:description\" content=\"Bezero\/kudeatzaileentzako sarbidea Unigemsa\" \/>\n<meta property=\"og:url\" content=\"https:\/\/unigemsa.com\/eu\/bezero-kudeatzaileentzako-sarbidea\/\" \/>\n<meta property=\"og:site_name\" content=\"UNIGEMSA - Uni\u00f3n de Gesti\u00f3n Empresarial\" \/>\n<meta property=\"article:publisher\" content=\"https:\/\/es-es.facebook.com\/UNIGEMSA\/\" \/>\n<meta property=\"article:modified_time\" content=\"2025-03-25T12:58:55+00:00\" \/>\n<meta property=\"og:image\" content=\"https:\/\/i0.wp.com\/unigemsa.com\/wp-content\/uploads\/2023\/02\/UNIGEMSA-logo-030-HOR-web.png?fit=250%2C60&ssl=1\" \/>\n\t<meta property=\"og:image:width\" content=\"250\" \/>\n\t<meta property=\"og:image:height\" content=\"60\" \/>\n\t<meta property=\"og:image:type\" content=\"image\/png\" \/>\n<meta name=\"twitter:label1\" content=\"Est. reading time\" \/>\n\t<meta name=\"twitter:data1\" content=\"1 minutua\" \/>\n<script type=\"application\/ld+json\" class=\"yoast-schema-graph\">{\"@context\":\"https:\\\/\\\/schema.org\",\"@graph\":[{\"@type\":\"WebPage\",\"@id\":\"https:\\\/\\\/unigemsa.com\\\/eu\\\/bezero-kudeatzaileentzako-sarbidea\\\/\",\"url\":\"https:\\\/\\\/unigemsa.com\\\/eu\\\/bezero-kudeatzaileentzako-sarbidea\\\/\",\"name\":\"Bezero\\\/kudeatzaileentzako sarbidea - UNIGEMSA - Uni\u00f3n de Gesti\u00f3n Empresarial\",\"isPartOf\":{\"@id\":\"https:\\\/\\\/unigemsa.com\\\/eu\\\/#website\"},\"datePublished\":\"2014-10-15T09:12:14+00:00\",\"dateModified\":\"2025-03-25T12:58:55+00:00\",\"description\":\"Bezero\\\/kudeatzaileentzako sarbidea Unigemsa\",\"inLanguage\":\"eu\",\"potentialAction\":[{\"@type\":\"ReadAction\",\"target\":[\"https:\\\/\\\/unigemsa.com\\\/eu\\\/bezero-kudeatzaileentzako-sarbidea\\\/\"]}]},{\"@type\":\"WebSite\",\"@id\":\"https:\\\/\\\/unigemsa.com\\\/eu\\\/#website\",\"url\":\"https:\\\/\\\/unigemsa.com\\\/eu\\\/\",\"name\":\"Unigemsa - Asesor\u00eda y gestor\u00eda para empresas\",\"description\":\"Servicios de Consultor\u00eda y Gesti\u00f3n Empresarial en Donostia-San Sebasti\u00e1n\",\"publisher\":{\"@id\":\"https:\\\/\\\/unigemsa.com\\\/eu\\\/#organization\"},\"alternateName\":\"Unigemsa\",\"potentialAction\":[{\"@type\":\"SearchAction\",\"target\":{\"@type\":\"EntryPoint\",\"urlTemplate\":\"https:\\\/\\\/unigemsa.com\\\/eu\\\/?s={search_term_string}\"},\"query-input\":{\"@type\":\"PropertyValueSpecification\",\"valueRequired\":true,\"valueName\":\"search_term_string\"}}],\"inLanguage\":\"eu\"},{\"@type\":\"Organization\",\"@id\":\"https:\\\/\\\/unigemsa.com\\\/eu\\\/#organization\",\"name\":\"Unigemsa - Asesor\u00eda y gestor\u00eda para empresas\",\"alternateName\":\"Unigemsa\",\"url\":\"https:\\\/\\\/unigemsa.com\\\/eu\\\/\",\"logo\":{\"@type\":\"ImageObject\",\"inLanguage\":\"eu\",\"@id\":\"https:\\\/\\\/unigemsa.com\\\/eu\\\/#\\\/schema\\\/logo\\\/image\\\/\",\"url\":\"https:\\\/\\\/i0.wp.com\\\/unigemsa.com\\\/wp-content\\\/uploads\\\/2019\\\/02\\\/UNIGEMSA.jpg?fit=229%2C229&ssl=1\",\"contentUrl\":\"https:\\\/\\\/i0.wp.com\\\/unigemsa.com\\\/wp-content\\\/uploads\\\/2019\\\/02\\\/UNIGEMSA.jpg?fit=229%2C229&ssl=1\",\"width\":229,\"height\":229,\"caption\":\"Unigemsa - Asesor\u00eda y gestor\u00eda para empresas\"},\"image\":{\"@id\":\"https:\\\/\\\/unigemsa.com\\\/eu\\\/#\\\/schema\\\/logo\\\/image\\\/\"},\"sameAs\":[\"https:\\\/\\\/es-es.facebook.com\\\/UNIGEMSA\\\/\"]}]}<\/script>\n<!-- \/ Yoast SEO plugin. -->","yoast_head_json":{"title":"Bezero\/kudeatzaileentzako sarbidea - UNIGEMSA - Uni\u00f3n de Gesti\u00f3n Empresarial","description":"Bezero\/kudeatzaileentzako sarbidea Unigemsa","robots":{"index":"index","follow":"follow","max-snippet":"max-snippet:-1","max-image-preview":"max-image-preview:large","max-video-preview":"max-video-preview:-1"},"canonical":"https:\/\/unigemsa.com\/eu\/bezero-kudeatzaileentzako-sarbidea\/","og_locale":"en_US","og_type":"article","og_title":"Bezero\/kudeatzaileentzako sarbidea - UNIGEMSA - Uni\u00f3n de Gesti\u00f3n Empresarial","og_description":"Bezero\/kudeatzaileentzako sarbidea Unigemsa","og_url":"https:\/\/unigemsa.com\/eu\/bezero-kudeatzaileentzako-sarbidea\/","og_site_name":"UNIGEMSA - Uni\u00f3n de Gesti\u00f3n Empresarial","article_publisher":"https:\/\/es-es.facebook.com\/UNIGEMSA\/","article_modified_time":"2025-03-25T12:58:55+00:00","og_image":[{"width":250,"height":60,"url":"https:\/\/i0.wp.com\/unigemsa.com\/wp-content\/uploads\/2023\/02\/UNIGEMSA-logo-030-HOR-web.png?fit=250%2C60&ssl=1","type":"image\/png"}],"twitter_misc":{"Est. reading time":"1 minutua"},"schema":{"@context":"https:\/\/schema.org","@graph":[{"@type":"WebPage","@id":"https:\/\/unigemsa.com\/eu\/bezero-kudeatzaileentzako-sarbidea\/","url":"https:\/\/unigemsa.com\/eu\/bezero-kudeatzaileentzako-sarbidea\/","name":"Bezero\/kudeatzaileentzako sarbidea - UNIGEMSA - Uni\u00f3n de Gesti\u00f3n Empresarial","isPartOf":{"@id":"https:\/\/unigemsa.com\/eu\/#website"},"datePublished":"2014-10-15T09:12:14+00:00","dateModified":"2025-03-25T12:58:55+00:00","description":"Bezero\/kudeatzaileentzako sarbidea Unigemsa","inLanguage":"eu","potentialAction":[{"@type":"ReadAction","target":["https:\/\/unigemsa.com\/eu\/bezero-kudeatzaileentzako-sarbidea\/"]}]},{"@type":"WebSite","@id":"https:\/\/unigemsa.com\/eu\/#website","url":"https:\/\/unigemsa.com\/eu\/","name":"Unigemsa - Asesor\u00eda y gestor\u00eda para empresas","description":"Servicios de Consultor\u00eda y Gesti\u00f3n Empresarial en Donostia-San Sebasti\u00e1n","publisher":{"@id":"https:\/\/unigemsa.com\/eu\/#organization"},"alternateName":"Unigemsa","potentialAction":[{"@type":"SearchAction","target":{"@type":"EntryPoint","urlTemplate":"https:\/\/unigemsa.com\/eu\/?s={search_term_string}"},"query-input":{"@type":"PropertyValueSpecification","valueRequired":true,"valueName":"search_term_string"}}],"inLanguage":"eu"},{"@type":"Organization","@id":"https:\/\/unigemsa.com\/eu\/#organization","name":"Unigemsa - Asesor\u00eda y gestor\u00eda para empresas","alternateName":"Unigemsa","url":"https:\/\/unigemsa.com\/eu\/","logo":{"@type":"ImageObject","inLanguage":"eu","@id":"https:\/\/unigemsa.com\/eu\/#\/schema\/logo\/image\/","url":"https:\/\/i0.wp.com\/unigemsa.com\/wp-content\/uploads\/2019\/02\/UNIGEMSA.jpg?fit=229%2C229&ssl=1","contentUrl":"https:\/\/i0.wp.com\/unigemsa.com\/wp-content\/uploads\/2019\/02\/UNIGEMSA.jpg?fit=229%2C229&ssl=1","width":229,"height":229,"caption":"Unigemsa - Asesor\u00eda y gestor\u00eda para empresas"},"image":{"@id":"https:\/\/unigemsa.com\/eu\/#\/schema\/logo\/image\/"},"sameAs":["https:\/\/es-es.facebook.com\/UNIGEMSA\/"]}]}},"jetpack_sharing_enabled":true,"jetpack_shortlink":"https:\/\/wp.me\/P8P6xc-8X","jetpack-related-posts":[],"_links":{"self":[{"href":"https:\/\/unigemsa.com\/eu\/wp-json\/wp\/v2\/pages\/555","targetHints":{"allow":["GET"]}}],"collection":[{"href":"https:\/\/unigemsa.com\/eu\/wp-json\/wp\/v2\/pages"}],"about":[{"href":"https:\/\/unigemsa.com\/eu\/wp-json\/wp\/v2\/types\/page"}],"author":[{"embeddable":true,"href":"https:\/\/unigemsa.com\/eu\/wp-json\/wp\/v2\/users\/4"}],"replies":[{"embeddable":true,"href":"https:\/\/unigemsa.com\/eu\/wp-json\/wp\/v2\/comments?post=555"}],"version-history":[{"count":3,"href":"https:\/\/unigemsa.com\/eu\/wp-json\/wp\/v2\/pages\/555\/revisions"}],"predecessor-version":[{"id":1301,"href":"https:\/\/unigemsa.com\/eu\/wp-json\/wp\/v2\/pages\/555\/revisions\/1301"}],"wp:attachment":[{"href":"https:\/\/unigemsa.com\/eu\/wp-json\/wp\/v2\/media?parent=555"}],"curies":[{"name":"wp","href":"https:\/\/api.w.org\/{rel}","templated":true}]}}