{"id":551,"date":"2014-10-01T20:00:03","date_gmt":"2014-10-01T20:00:03","guid":{"rendered":"http:\/\/www.unigemsa.com\/empresa-2\/"},"modified":"2016-11-29T18:21:00","modified_gmt":"2016-11-29T16:21:00","slug":"enpresa","status":"publish","type":"page","link":"https:\/\/unigemsa.com\/eu\/enpresa\/","title":{"rendered":"Enpresa"},"content":{"rendered":"<div class=\"fusion-fullwidth fullwidth-box fusion-builder-row-1 hundred-percent-fullwidth non-hundred-percent-height-scrolling\" style=\"background-color: rgba(255,255,255,0);background-position: center center;background-repeat: no-repeat;padding-top:0px;padding-right:0px;padding-bottom:0px;padding-left:0px;margin-bottom: 0px;margin-top: 0px;border-width: 0px 0px 0px 0px;border-color:#eae9e9;border-style:solid;\" ><div class=\"fusion-builder-row fusion-row\"><div class=\"fusion-layout-column fusion_builder_column fusion-builder-column-0 fusion_builder_column_1_1 1_1 fusion-one-full fusion-column-first fusion-column-last fusion-column-no-min-height\" style=\"margin-top:0px;margin-bottom:0px;\"><div class=\"fusion-column-wrapper fusion-flex-column-wrapper-legacy\" style=\"background-position:left top;background-repeat:no-repeat;-webkit-background-size:cover;-moz-background-size:cover;-o-background-size:cover;background-size:cover;padding: 0px 0px 0px 0px;\"><style type=\"text\/css\"><\/style><div class=\"fusion-title title fusion-title-1 fusion-title-text fusion-title-size-one\" style=\"margin-top:0px;margin-bottom:31px;\"><h1 class=\"title-heading-left\" style=\"margin:0;\">Enpresa Aholkularitza Integrala<\/h1><div class=\"title-sep-container\"><div class=\"title-sep sep-single sep-solid\" style=\"border-color:#e0dede;\"><\/div><\/div><\/div>\u00a0Gure jardueren hasieratik gure bezeroentzako etengabeko arreta adeitsuaren balioa nabarmentzen saiatu gara, gure aukeren neurrian enpresek beharbada egin dituzten okerrak edo hutsegiteak konpontzen saiatuta.<br \/>\nLehenengo mailako baliabide teknikoak eta giza baliabideak ditugu, eta egunez egun eskaera berriak aurkezten dizkiogu gure buruari, eskaera horiek optimizatu eta gure lana kalitate handiagoaz eta azkarrago burutzeko. Elkartea 1973. urtean eratu zen, eta bere egoitza soziala Donostiago Askatasunaren Hiribideko 7 zenbakiko (\u201cUR eraikina\u201d) 7. solairuan dago.<br \/>\nHogeita hamar bat urtetik, UNIGEMSA Donostia-San Sebasti\u00e1ngo aholkularitza-etxe garrantzitsuenetako bat da, bere zerbitzuak unean-unean eta eraginkortasunez eskaintzen dizkiela Euskal Herrian eta bereziki Gipuzkoan kokatuta dauden enpresa askori.<br \/>\nUNIGEMSA solaskide ezin hobea da hirugarrenen (erakunde eta instituzio publiko eta pribatuak) aurrean, zure ordezkapena erabateko erantzukizun eta profesionaltasunez bermatzeko. 300 bezerok baino gehiagok kalitate, seriotasun eta zehaztasunaren aldetik erakusten duen esperientzia bermatzen dute.<br \/>\nAholkularitza ematen dugu zuzenbide, lan, zerga, zerga-kontabilitate eta kirol zuzenbideko arloetan, eta arlo horiei buruzko zerbitzuak eskaintzen ditugu. Bezeroarentzako arretaren bizkortasuna eta berehalakotasuna azpimarratu nahi ditugu, neurri handian gure egitura informatiko berriari esker eman ahal ditugunak. <div class=\"fusion-clearfix\"><\/div><\/div><\/div><div class=\"fusion-layout-column fusion_builder_column fusion-builder-column-1 fusion_builder_column_1_1 1_1 fusion-one-full fusion-column-first fusion-column-last fusion-column-no-min-height\" style=\"margin-top:0px;margin-bottom:0px;\"><div class=\"fusion-column-wrapper fusion-flex-column-wrapper-legacy\" style=\"background-position:left top;background-repeat:no-repeat;-webkit-background-size:cover;-moz-background-size:cover;-o-background-size:cover;background-size:cover;padding: 0px 0px 0px 0px;\"><style type='text\/css'>.reading-box-container-1 .element-bottomshadow:before,.reading-box-container-1 .element-bottomshadow:after{opacity:0.5;}<\/style><div class=\"fusion-reading-box-container reading-box-container-1\" style=\"margin-top:0px;margin-bottom:84px;\"><div class=\"reading-box element-bottomshadow\" style=\"background-color:#fff;border-width:1px;border-color:#ddd;border-left-width:3px;border-left-color:var(--primary_color);border-style:solid;\"><a class=\"button fusion-button button-default fusion-button-medium button-medium button-flat fusion-desktop-button fusion-tagline-button continue fusion-desktop-button-margin continue-right\" style=\"-webkit-box-shadow:none;-moz-box-shadow:none;box-shadow:none;border-radius:0px;\" href=\"\/kontaktua\/\" target=\"_self\"><span>Kontaktua<\/span><\/a><h2>Informazio gehiago nahi baduzu<\/h2><div class=\"reading-box-description fusion-reading-box-additional\">Gurekin harremanetan jartzeko edo galderaren bat egiteko, bete hurrengo formularioa.<\/div><div class=\"fusion-clearfix\"><\/div><a class=\"button fusion-button button-default fusion-button-medium button-medium button-flat fusion-mobile-button continue-right\" style=\"-webkit-box-shadow:none;-moz-box-shadow:none;box-shadow:none;border-radius:0px;\" href=\"\/kontaktua\/\" target=\"_self\"><span>Kontaktua<\/span><\/a><\/div><\/div><div class=\"fusion-clearfix\"><\/div><\/div><\/div><\/div><style type=\"text\/css\">.fusion-fullwidth.fusion-builder-row-1 { overflow:visible; }<\/style><\/div>\n","protected":false},"excerpt":{"rendered":"","protected":false},"author":4,"featured_media":0,"parent":0,"menu_order":1,"comment_status":"open","ping_status":"closed","template":"","meta":{"jetpack_post_was_ever_published":false,"footnotes":""},"class_list":["post-551","page","type-page","status-publish","hentry"],"yoast_head":"<!-- This site is optimized with the Yoast SEO plugin v27.4 - https:\/\/yoast.com\/product\/yoast-seo-wordpress\/ -->\n<title>Enpresa - UNIGEMSA - Uni\u00f3n de Gesti\u00f3n Empresarial<\/title>\n<meta name=\"description\" content=\"Unigemsa Enpresa Aholkularitza\" \/>\n<meta name=\"robots\" content=\"index, follow, max-snippet:-1, max-image-preview:large, max-video-preview:-1\" \/>\n<link rel=\"canonical\" href=\"https:\/\/unigemsa.com\/eu\/enpresa\/\" \/>\n<meta property=\"og:locale\" content=\"en_US\" \/>\n<meta property=\"og:type\" content=\"article\" \/>\n<meta property=\"og:title\" content=\"Enpresa - UNIGEMSA - Uni\u00f3n de Gesti\u00f3n Empresarial\" \/>\n<meta property=\"og:description\" content=\"Unigemsa Enpresa Aholkularitza\" \/>\n<meta property=\"og:url\" content=\"https:\/\/unigemsa.com\/eu\/enpresa\/\" \/>\n<meta property=\"og:site_name\" content=\"UNIGEMSA - Uni\u00f3n de Gesti\u00f3n Empresarial\" \/>\n<meta property=\"article:publisher\" content=\"https:\/\/es-es.facebook.com\/UNIGEMSA\/\" \/>\n<meta property=\"article:modified_time\" content=\"2016-11-29T16:21:00+00:00\" \/>\n<meta property=\"og:image\" content=\"https:\/\/i0.wp.com\/unigemsa.com\/wp-content\/uploads\/2023\/02\/UNIGEMSA-logo-030-HOR-web.png?fit=250%2C60&ssl=1\" \/>\n\t<meta property=\"og:image:width\" content=\"250\" \/>\n\t<meta property=\"og:image:height\" content=\"60\" \/>\n\t<meta property=\"og:image:type\" content=\"image\/png\" \/>\n<meta name=\"twitter:label1\" content=\"Est. reading time\" \/>\n\t<meta name=\"twitter:data1\" content=\"2 minutua\" \/>\n<script type=\"application\/ld+json\" class=\"yoast-schema-graph\">{\"@context\":\"https:\\\/\\\/schema.org\",\"@graph\":[{\"@type\":\"WebPage\",\"@id\":\"https:\\\/\\\/unigemsa.com\\\/eu\\\/enpresa\\\/\",\"url\":\"https:\\\/\\\/unigemsa.com\\\/eu\\\/enpresa\\\/\",\"name\":\"Enpresa - UNIGEMSA - Uni\u00f3n de Gesti\u00f3n Empresarial\",\"isPartOf\":{\"@id\":\"https:\\\/\\\/unigemsa.com\\\/eu\\\/#website\"},\"datePublished\":\"2014-10-01T20:00:03+00:00\",\"dateModified\":\"2016-11-29T16:21:00+00:00\",\"description\":\"Unigemsa Enpresa Aholkularitza\",\"inLanguage\":\"eu\",\"potentialAction\":[{\"@type\":\"ReadAction\",\"target\":[\"https:\\\/\\\/unigemsa.com\\\/eu\\\/enpresa\\\/\"]}]},{\"@type\":\"WebSite\",\"@id\":\"https:\\\/\\\/unigemsa.com\\\/eu\\\/#website\",\"url\":\"https:\\\/\\\/unigemsa.com\\\/eu\\\/\",\"name\":\"Unigemsa - Asesor\u00eda y gestor\u00eda para empresas\",\"description\":\"Servicios de Consultor\u00eda y Gesti\u00f3n Empresarial en Donostia-San Sebasti\u00e1n\",\"publisher\":{\"@id\":\"https:\\\/\\\/unigemsa.com\\\/eu\\\/#organization\"},\"alternateName\":\"Unigemsa\",\"potentialAction\":[{\"@type\":\"SearchAction\",\"target\":{\"@type\":\"EntryPoint\",\"urlTemplate\":\"https:\\\/\\\/unigemsa.com\\\/eu\\\/?s={search_term_string}\"},\"query-input\":{\"@type\":\"PropertyValueSpecification\",\"valueRequired\":true,\"valueName\":\"search_term_string\"}}],\"inLanguage\":\"eu\"},{\"@type\":\"Organization\",\"@id\":\"https:\\\/\\\/unigemsa.com\\\/eu\\\/#organization\",\"name\":\"Unigemsa - Asesor\u00eda y gestor\u00eda para empresas\",\"alternateName\":\"Unigemsa\",\"url\":\"https:\\\/\\\/unigemsa.com\\\/eu\\\/\",\"logo\":{\"@type\":\"ImageObject\",\"inLanguage\":\"eu\",\"@id\":\"https:\\\/\\\/unigemsa.com\\\/eu\\\/#\\\/schema\\\/logo\\\/image\\\/\",\"url\":\"https:\\\/\\\/i0.wp.com\\\/unigemsa.com\\\/wp-content\\\/uploads\\\/2019\\\/02\\\/UNIGEMSA.jpg?fit=229%2C229&ssl=1\",\"contentUrl\":\"https:\\\/\\\/i0.wp.com\\\/unigemsa.com\\\/wp-content\\\/uploads\\\/2019\\\/02\\\/UNIGEMSA.jpg?fit=229%2C229&ssl=1\",\"width\":229,\"height\":229,\"caption\":\"Unigemsa - Asesor\u00eda y gestor\u00eda para empresas\"},\"image\":{\"@id\":\"https:\\\/\\\/unigemsa.com\\\/eu\\\/#\\\/schema\\\/logo\\\/image\\\/\"},\"sameAs\":[\"https:\\\/\\\/es-es.facebook.com\\\/UNIGEMSA\\\/\"]}]}<\/script>\n<!-- \/ Yoast SEO plugin. -->","yoast_head_json":{"title":"Enpresa - UNIGEMSA - Uni\u00f3n de Gesti\u00f3n Empresarial","description":"Unigemsa Enpresa Aholkularitza","robots":{"index":"index","follow":"follow","max-snippet":"max-snippet:-1","max-image-preview":"max-image-preview:large","max-video-preview":"max-video-preview:-1"},"canonical":"https:\/\/unigemsa.com\/eu\/enpresa\/","og_locale":"en_US","og_type":"article","og_title":"Enpresa - UNIGEMSA - Uni\u00f3n de Gesti\u00f3n Empresarial","og_description":"Unigemsa Enpresa Aholkularitza","og_url":"https:\/\/unigemsa.com\/eu\/enpresa\/","og_site_name":"UNIGEMSA - Uni\u00f3n de Gesti\u00f3n Empresarial","article_publisher":"https:\/\/es-es.facebook.com\/UNIGEMSA\/","article_modified_time":"2016-11-29T16:21:00+00:00","og_image":[{"width":250,"height":60,"url":"https:\/\/i0.wp.com\/unigemsa.com\/wp-content\/uploads\/2023\/02\/UNIGEMSA-logo-030-HOR-web.png?fit=250%2C60&ssl=1","type":"image\/png"}],"twitter_misc":{"Est. reading time":"2 minutua"},"schema":{"@context":"https:\/\/schema.org","@graph":[{"@type":"WebPage","@id":"https:\/\/unigemsa.com\/eu\/enpresa\/","url":"https:\/\/unigemsa.com\/eu\/enpresa\/","name":"Enpresa - UNIGEMSA - Uni\u00f3n de Gesti\u00f3n Empresarial","isPartOf":{"@id":"https:\/\/unigemsa.com\/eu\/#website"},"datePublished":"2014-10-01T20:00:03+00:00","dateModified":"2016-11-29T16:21:00+00:00","description":"Unigemsa Enpresa Aholkularitza","inLanguage":"eu","potentialAction":[{"@type":"ReadAction","target":["https:\/\/unigemsa.com\/eu\/enpresa\/"]}]},{"@type":"WebSite","@id":"https:\/\/unigemsa.com\/eu\/#website","url":"https:\/\/unigemsa.com\/eu\/","name":"Unigemsa - Asesor\u00eda y gestor\u00eda para empresas","description":"Servicios de Consultor\u00eda y Gesti\u00f3n Empresarial en Donostia-San Sebasti\u00e1n","publisher":{"@id":"https:\/\/unigemsa.com\/eu\/#organization"},"alternateName":"Unigemsa","potentialAction":[{"@type":"SearchAction","target":{"@type":"EntryPoint","urlTemplate":"https:\/\/unigemsa.com\/eu\/?s={search_term_string}"},"query-input":{"@type":"PropertyValueSpecification","valueRequired":true,"valueName":"search_term_string"}}],"inLanguage":"eu"},{"@type":"Organization","@id":"https:\/\/unigemsa.com\/eu\/#organization","name":"Unigemsa - Asesor\u00eda y gestor\u00eda para empresas","alternateName":"Unigemsa","url":"https:\/\/unigemsa.com\/eu\/","logo":{"@type":"ImageObject","inLanguage":"eu","@id":"https:\/\/unigemsa.com\/eu\/#\/schema\/logo\/image\/","url":"https:\/\/i0.wp.com\/unigemsa.com\/wp-content\/uploads\/2019\/02\/UNIGEMSA.jpg?fit=229%2C229&ssl=1","contentUrl":"https:\/\/i0.wp.com\/unigemsa.com\/wp-content\/uploads\/2019\/02\/UNIGEMSA.jpg?fit=229%2C229&ssl=1","width":229,"height":229,"caption":"Unigemsa - Asesor\u00eda y gestor\u00eda para empresas"},"image":{"@id":"https:\/\/unigemsa.com\/eu\/#\/schema\/logo\/image\/"},"sameAs":["https:\/\/es-es.facebook.com\/UNIGEMSA\/"]}]}},"jetpack_sharing_enabled":true,"jetpack_shortlink":"https:\/\/wp.me\/P8P6xc-8T","jetpack-related-posts":[],"_links":{"self":[{"href":"https:\/\/unigemsa.com\/eu\/wp-json\/wp\/v2\/pages\/551","targetHints":{"allow":["GET"]}}],"collection":[{"href":"https:\/\/unigemsa.com\/eu\/wp-json\/wp\/v2\/pages"}],"about":[{"href":"https:\/\/unigemsa.com\/eu\/wp-json\/wp\/v2\/types\/page"}],"author":[{"embeddable":true,"href":"https:\/\/unigemsa.com\/eu\/wp-json\/wp\/v2\/users\/4"}],"replies":[{"embeddable":true,"href":"https:\/\/unigemsa.com\/eu\/wp-json\/wp\/v2\/comments?post=551"}],"version-history":[{"count":0,"href":"https:\/\/unigemsa.com\/eu\/wp-json\/wp\/v2\/pages\/551\/revisions"}],"wp:attachment":[{"href":"https:\/\/unigemsa.com\/eu\/wp-json\/wp\/v2\/media?parent=551"}],"curies":[{"name":"wp","href":"https:\/\/api.w.org\/{rel}","templated":true}]}}