{"id":546,"date":"2014-10-02T11:31:29","date_gmt":"2014-10-02T11:31:29","guid":{"rendered":"http:\/\/www.unigemsa.com\/legal-2\/"},"modified":"2014-12-28T00:58:01","modified_gmt":"2014-12-27T23:58:01","slug":"lege","status":"publish","type":"page","link":"https:\/\/unigemsa.com\/eu\/lege\/","title":{"rendered":"Lege"},"content":{"rendered":"","protected":false},"excerpt":{"rendered":"","protected":false},"author":4,"featured_media":0,"parent":0,"menu_order":6,"comment_status":"open","ping_status":"closed","template":"","meta":{"jetpack_post_was_ever_published":false,"footnotes":""},"class_list":["post-546","page","type-page","status-publish","hentry"],"yoast_head":"<!-- This site is optimized with the Yoast SEO plugin v27.5 - https:\/\/yoast.com\/product\/yoast-seo-wordpress\/ -->\n<title>Lege - UNIGEMSA - Uni\u00f3n de Gesti\u00f3n Empresarial<\/title>\n<meta name=\"robots\" content=\"index, follow, max-snippet:-1, max-image-preview:large, max-video-preview:-1\" \/>\n<link rel=\"canonical\" href=\"https:\/\/unigemsa.com\/eu\/lege\/\" \/>\n<meta property=\"og:locale\" content=\"en_US\" \/>\n<meta property=\"og:type\" content=\"article\" \/>\n<meta property=\"og:title\" content=\"Lege - UNIGEMSA - Uni\u00f3n de Gesti\u00f3n Empresarial\" \/>\n<meta property=\"og:url\" content=\"https:\/\/unigemsa.com\/eu\/lege\/\" \/>\n<meta property=\"og:site_name\" content=\"UNIGEMSA - Uni\u00f3n de Gesti\u00f3n Empresarial\" \/>\n<meta property=\"article:publisher\" content=\"https:\/\/es-es.facebook.com\/UNIGEMSA\/\" \/>\n<meta property=\"article:modified_time\" content=\"2014-12-27T23:58:01+00:00\" \/>\n<meta property=\"og:image\" content=\"https:\/\/i0.wp.com\/unigemsa.com\/wp-content\/uploads\/2023\/02\/UNIGEMSA-logo-030-HOR-web.png?fit=250%2C60&ssl=1\" \/>\n\t<meta property=\"og:image:width\" content=\"250\" \/>\n\t<meta property=\"og:image:height\" content=\"60\" \/>\n\t<meta property=\"og:image:type\" content=\"image\/png\" \/>\n<script type=\"application\/ld+json\" class=\"yoast-schema-graph\">{\"@context\":\"https:\\\/\\\/schema.org\",\"@graph\":[{\"@type\":\"WebPage\",\"@id\":\"https:\\\/\\\/unigemsa.com\\\/eu\\\/lege\\\/\",\"url\":\"https:\\\/\\\/unigemsa.com\\\/eu\\\/lege\\\/\",\"name\":\"Lege - UNIGEMSA - Uni\u00f3n de Gesti\u00f3n Empresarial\",\"isPartOf\":{\"@id\":\"https:\\\/\\\/unigemsa.com\\\/eu\\\/#website\"},\"datePublished\":\"2014-10-02T11:31:29+00:00\",\"dateModified\":\"2014-12-27T23:58:01+00:00\",\"inLanguage\":\"eu\",\"potentialAction\":[{\"@type\":\"ReadAction\",\"target\":[\"https:\\\/\\\/unigemsa.com\\\/eu\\\/lege\\\/\"]}]},{\"@type\":\"WebSite\",\"@id\":\"https:\\\/\\\/unigemsa.com\\\/eu\\\/#website\",\"url\":\"https:\\\/\\\/unigemsa.com\\\/eu\\\/\",\"name\":\"Unigemsa - Asesor\u00eda y gestor\u00eda para empresas\",\"description\":\"Servicios de Consultor\u00eda y Gesti\u00f3n Empresarial en Donostia-San Sebasti\u00e1n\",\"publisher\":{\"@id\":\"https:\\\/\\\/unigemsa.com\\\/eu\\\/#organization\"},\"alternateName\":\"Unigemsa\",\"potentialAction\":[{\"@type\":\"SearchAction\",\"target\":{\"@type\":\"EntryPoint\",\"urlTemplate\":\"https:\\\/\\\/unigemsa.com\\\/eu\\\/?s={search_term_string}\"},\"query-input\":{\"@type\":\"PropertyValueSpecification\",\"valueRequired\":true,\"valueName\":\"search_term_string\"}}],\"inLanguage\":\"eu\"},{\"@type\":\"Organization\",\"@id\":\"https:\\\/\\\/unigemsa.com\\\/eu\\\/#organization\",\"name\":\"Unigemsa - Asesor\u00eda y gestor\u00eda para empresas\",\"alternateName\":\"Unigemsa\",\"url\":\"https:\\\/\\\/unigemsa.com\\\/eu\\\/\",\"logo\":{\"@type\":\"ImageObject\",\"inLanguage\":\"eu\",\"@id\":\"https:\\\/\\\/unigemsa.com\\\/eu\\\/#\\\/schema\\\/logo\\\/image\\\/\",\"url\":\"https:\\\/\\\/i0.wp.com\\\/unigemsa.com\\\/wp-content\\\/uploads\\\/2019\\\/02\\\/UNIGEMSA.jpg?fit=229%2C229&ssl=1\",\"contentUrl\":\"https:\\\/\\\/i0.wp.com\\\/unigemsa.com\\\/wp-content\\\/uploads\\\/2019\\\/02\\\/UNIGEMSA.jpg?fit=229%2C229&ssl=1\",\"width\":229,\"height\":229,\"caption\":\"Unigemsa - Asesor\u00eda y gestor\u00eda para empresas\"},\"image\":{\"@id\":\"https:\\\/\\\/unigemsa.com\\\/eu\\\/#\\\/schema\\\/logo\\\/image\\\/\"},\"sameAs\":[\"https:\\\/\\\/es-es.facebook.com\\\/UNIGEMSA\\\/\"]}]}<\/script>\n<!-- \/ Yoast SEO plugin. -->","yoast_head_json":{"title":"Lege - UNIGEMSA - Uni\u00f3n de Gesti\u00f3n Empresarial","robots":{"index":"index","follow":"follow","max-snippet":"max-snippet:-1","max-image-preview":"max-image-preview:large","max-video-preview":"max-video-preview:-1"},"canonical":"https:\/\/unigemsa.com\/eu\/lege\/","og_locale":"en_US","og_type":"article","og_title":"Lege - UNIGEMSA - Uni\u00f3n de Gesti\u00f3n Empresarial","og_url":"https:\/\/unigemsa.com\/eu\/lege\/","og_site_name":"UNIGEMSA - Uni\u00f3n de Gesti\u00f3n Empresarial","article_publisher":"https:\/\/es-es.facebook.com\/UNIGEMSA\/","article_modified_time":"2014-12-27T23:58:01+00:00","og_image":[{"width":250,"height":60,"url":"https:\/\/i0.wp.com\/unigemsa.com\/wp-content\/uploads\/2023\/02\/UNIGEMSA-logo-030-HOR-web.png?fit=250%2C60&ssl=1","type":"image\/png"}],"schema":{"@context":"https:\/\/schema.org","@graph":[{"@type":"WebPage","@id":"https:\/\/unigemsa.com\/eu\/lege\/","url":"https:\/\/unigemsa.com\/eu\/lege\/","name":"Lege - UNIGEMSA - Uni\u00f3n de Gesti\u00f3n Empresarial","isPartOf":{"@id":"https:\/\/unigemsa.com\/eu\/#website"},"datePublished":"2014-10-02T11:31:29+00:00","dateModified":"2014-12-27T23:58:01+00:00","inLanguage":"eu","potentialAction":[{"@type":"ReadAction","target":["https:\/\/unigemsa.com\/eu\/lege\/"]}]},{"@type":"WebSite","@id":"https:\/\/unigemsa.com\/eu\/#website","url":"https:\/\/unigemsa.com\/eu\/","name":"Unigemsa - Asesor\u00eda y gestor\u00eda para empresas","description":"Servicios de Consultor\u00eda y Gesti\u00f3n Empresarial en Donostia-San Sebasti\u00e1n","publisher":{"@id":"https:\/\/unigemsa.com\/eu\/#organization"},"alternateName":"Unigemsa","potentialAction":[{"@type":"SearchAction","target":{"@type":"EntryPoint","urlTemplate":"https:\/\/unigemsa.com\/eu\/?s={search_term_string}"},"query-input":{"@type":"PropertyValueSpecification","valueRequired":true,"valueName":"search_term_string"}}],"inLanguage":"eu"},{"@type":"Organization","@id":"https:\/\/unigemsa.com\/eu\/#organization","name":"Unigemsa - Asesor\u00eda y gestor\u00eda para empresas","alternateName":"Unigemsa","url":"https:\/\/unigemsa.com\/eu\/","logo":{"@type":"ImageObject","inLanguage":"eu","@id":"https:\/\/unigemsa.com\/eu\/#\/schema\/logo\/image\/","url":"https:\/\/i0.wp.com\/unigemsa.com\/wp-content\/uploads\/2019\/02\/UNIGEMSA.jpg?fit=229%2C229&ssl=1","contentUrl":"https:\/\/i0.wp.com\/unigemsa.com\/wp-content\/uploads\/2019\/02\/UNIGEMSA.jpg?fit=229%2C229&ssl=1","width":229,"height":229,"caption":"Unigemsa - Asesor\u00eda y gestor\u00eda para empresas"},"image":{"@id":"https:\/\/unigemsa.com\/eu\/#\/schema\/logo\/image\/"},"sameAs":["https:\/\/es-es.facebook.com\/UNIGEMSA\/"]}]}},"jetpack_sharing_enabled":true,"jetpack_shortlink":"https:\/\/wp.me\/P8P6xc-8O","jetpack-related-posts":[],"_links":{"self":[{"href":"https:\/\/unigemsa.com\/eu\/wp-json\/wp\/v2\/pages\/546","targetHints":{"allow":["GET"]}}],"collection":[{"href":"https:\/\/unigemsa.com\/eu\/wp-json\/wp\/v2\/pages"}],"about":[{"href":"https:\/\/unigemsa.com\/eu\/wp-json\/wp\/v2\/types\/page"}],"author":[{"embeddable":true,"href":"https:\/\/unigemsa.com\/eu\/wp-json\/wp\/v2\/users\/4"}],"replies":[{"embeddable":true,"href":"https:\/\/unigemsa.com\/eu\/wp-json\/wp\/v2\/comments?post=546"}],"version-history":[{"count":0,"href":"https:\/\/unigemsa.com\/eu\/wp-json\/wp\/v2\/pages\/546\/revisions"}],"wp:attachment":[{"href":"https:\/\/unigemsa.com\/eu\/wp-json\/wp\/v2\/media?parent=546"}],"curies":[{"name":"wp","href":"https:\/\/api.w.org\/{rel}","templated":true}]}}