{"id":1295,"date":"2025-03-25T14:52:45","date_gmt":"2025-03-25T12:52:45","guid":{"rendered":"https:\/\/unigemsa.com\/zirkularrak\/"},"modified":"2025-03-25T14:52:46","modified_gmt":"2025-03-25T12:52:46","slug":"zirkularrak","status":"publish","type":"page","link":"https:\/\/unigemsa.com\/eu\/zirkularrak\/","title":{"rendered":"zirkularrak"},"content":{"rendered":"<div class=\"fusion-fullwidth fullwidth-box fusion-builder-row-1 fusion-flex-container nonhundred-percent-fullwidth non-hundred-percent-height-scrolling\" style=\"background-color: rgba(255,255,255,0);background-position: center center;background-repeat: no-repeat;border-width: 0px 0px 0px 0px;border-color:#eae9e9;border-style:solid;\" ><div class=\"fusion-builder-row fusion-row fusion-flex-align-items-flex-start\" style=\"max-width:1144px;margin-left: calc(-4% \/ 2 );margin-right: calc(-4% \/ 2 );\"><div class=\"fusion-layout-column fusion_builder_column fusion-builder-column-0 fusion_builder_column_1_1 1_1 fusion-flex-column\"><div class=\"fusion-column-wrapper fusion-flex-justify-content-flex-start fusion-content-layout-column\" style=\"background-position:left top;background-repeat:no-repeat;-webkit-background-size:cover;-moz-background-size:cover;-o-background-size:cover;background-size:cover;padding: 0px 0px 0px 0px;\"><div class=\"fusion-text fusion-text-1\" style=\"transform:translate3d(0,0,0);\"><p><strong>Azken akordioa ERTEak eta jarduera etendako prestazioa irailaren 30era arte luzatzeko<\/strong><\/p>\n<p>Gaur onartutako <strong>II Enpleguaren Defentsarako Akordio Soziala<\/strong> Ministroen Kontseilu berezian langileen kotizazioetan onurak aurreikusten ditu, enplegua mantentzeko bermeak eta enpresek krisi sanitarioaren bilakaeraren arabera egoera berrietara egokitzeko malgutasun mekanismoak.<\/p>\n<p><strong>ERTEEN LUZAPENA<\/strong><\/p>\n<p>Akordioak enpresen egoeraren arabera desberdintasunak jasotzen ditu, ERTE baten pean dauden langileen kotizazioen estaldura murriztuz; langileen kopuruaren eta enpresaren inguruko baldintzen arabera, estaldura %75etik %25era jaitsiko litzateke irailera arte.<\/p>\n<p>Era berean, berriro agertzen diren kasuengatik indar nagusiko ERTEen aukera gehitzen da, 50 langile baino gutxiago dituzten enpresentzat %80ko estaldura mantentzea eta 50 langile baino gehiago dituztenentzat %70eko estaldura ezartzen da.<\/p>\n<p><strong>Exentzioak nola geratzen dira?<\/strong><\/p>\n<p><strong>Indar nagusiko ERTEak partzialak eta baita teknikoko, antolakuntzako, ekonomiko eta ekoizpeneko (ETOP) kausengatik, akordio honen berrikuntza<\/strong>, exentzioak hauek dira:<\/p>\n<p>&nbsp;<\/p>\n<table style=\"border-collapse: collapse; width: 100%;\">\n<thead>\n<tr>\n<td style=\"border: 1px solid black; padding: 8px; text-align: center;\" rowspan=\"2\"><\/td>\n<td style=\"border: 1px solid black; padding: 8px; text-align: center;\" colspan=\"2\"><strong>UZTAILA<\/strong><\/td>\n<td style=\"border: 1px solid black; padding: 8px; text-align: center;\" colspan=\"2\"><strong>ABUZTUA<\/strong><\/td>\n<td style=\"border: 1px solid black; padding: 8px; text-align: center;\" colspan=\"2\"><strong>IRAILA<\/strong><\/td>\n<\/tr>\n<tr>\n<td style=\"border: 1px solid black; padding: 8px; text-align: center;\"><strong>Langile aktiboak<\/strong><\/td>\n<td style=\"border: 1px solid black; padding: 8px; text-align: center;\"><strong>Langile suspendituak<\/strong><\/td>\n<td style=\"border: 1px solid black; padding: 8px; text-align: center;\"><strong>Langile aktiboak<\/strong><\/td>\n<td style=\"border: 1px solid black; padding: 8px; text-align: center;\"><strong>Langile suspendituak<\/strong><\/td>\n<td style=\"border: 1px solid black; padding: 8px; text-align: center;\"><strong>Langile aktiboak<\/strong><\/td>\n<td style=\"border: 1px solid black; padding: 8px; text-align: center;\"><strong>Langile suspendituak<\/strong><\/td>\n<\/tr>\n<\/thead>\n<tbody>\n<tr>\n<td style=\"border: 1px solid black; padding: 8px; text-align: left;\"><strong>50 langile baino gutxiago dituzten enpresak<\/strong><\/td>\n<td style=\"border: 1px solid black; padding: 8px; text-align: center;\"><strong>60%<\/strong><\/td>\n<td style=\"border: 1px solid black; padding: 8px; text-align: center;\"><strong>35%<\/strong><\/td>\n<td style=\"border: 1px solid black; padding: 8px; text-align: center;\"><strong>60%<\/strong><\/td>\n<td style=\"border: 1px solid black; padding: 8px; text-align: center;\"><strong>35%<\/strong><\/td>\n<td style=\"border: 1px solid black; padding: 8px; text-align: center;\"><strong>60%<\/strong><\/td>\n<td style=\"border: 1px solid black; padding: 8px; text-align: center;\"><strong>35%<\/strong><\/td>\n<\/tr>\n<tr>\n<td style=\"border: 1px solid black; padding: 8px; text-align: left;\"><strong>50 langile edo gehiago dituzten enpresak<\/strong><\/td>\n<td style=\"border: 1px solid black; padding: 8px; text-align: center;\"><strong>40%<\/strong><\/td>\n<td style=\"border: 1px solid black; padding: 8px; text-align: center;\"><strong>25%<\/strong><\/td>\n<td style=\"border: 1px solid black; padding: 8px; text-align: center;\"><strong>40%<\/strong><\/td>\n<td style=\"border: 1px solid black; padding: 8px; text-align: center;\"><strong>25%<\/strong><\/td>\n<td style=\"border: 1px solid black; padding: 8px; text-align: center;\"><strong>40%<\/strong><\/td>\n<td style=\"border: 1px solid black; padding: 8px; text-align: center;\"><strong>25%<\/strong><\/td>\n<\/tr>\n<\/tbody>\n<\/table>\n<p>&nbsp;<\/p>\n<\/div><div class=\"fusion-separator fusion-full-width-sep\" style=\"align-self: center;margin-left: auto;margin-right: auto;margin-bottom:20px;width:100%;\"><\/div><div class=\"fusion-text fusion-text-2\" style=\"transform:translate3d(0,0,0);\"><p>Une honetan <strong>indar nagusiko ERTEan<\/strong> dauden enpresak irailaren 30era arte trantsizio ERTE batera pasatuko dira hurrengo exentzioekin:<\/p>\n<\/div><div class=\"fusion-text fusion-text-3\" style=\"transform:translate3d(0,0,0);\"><table style=\"border-collapse: collapse; width: 100%;\">\n<thead>\n<tr>\n<td style=\"border: 1px solid black; padding: 8px; text-align: center;\"><\/td>\n<td style=\"border: 1px solid black; padding: 8px; text-align: center;\"><strong>UZTAILA<\/strong><\/td>\n<td style=\"border: 1px solid black; padding: 8px; text-align: center;\"><strong>ABUZTUA<\/strong><\/td>\n<td style=\"border: 1px solid black; padding: 8px; text-align: center;\"><strong>IRAILA<\/strong><\/td>\n<\/tr>\n<\/thead>\n<tbody>\n<tr>\n<td style=\"border: 1px solid black; padding: 8px; text-align: left;\"><strong>50 langile baino gutxiago dituzten enpresak<\/strong><\/td>\n<td style=\"border: 1px solid black; padding: 8px; text-align: center;\"><strong>70<\/strong><\/td>\n<td style=\"border: 1px solid black; padding: 8px; text-align: center;\"><strong>60<\/strong><\/td>\n<td style=\"border: 1px solid black; padding: 8px; text-align: center;\"><strong>35<\/strong><\/td>\n<\/tr>\n<tr>\n<td style=\"border: 1px solid black; padding: 8px; text-align: left;\"><strong>50 langile edo gehiago dituzten enpresak<\/strong><\/td>\n<td style=\"border: 1px solid black; padding: 8px; text-align: center;\"><strong>50<\/strong><\/td>\n<td style=\"border: 1px solid black; padding: 8px; text-align: center;\"><strong>40<\/strong><\/td>\n<td style=\"border: 1px solid black; padding: 8px; text-align: center;\"><strong>25<\/strong><\/td>\n<\/tr>\n<\/tbody>\n<\/table>\n<\/div><div class=\"fusion-separator fusion-full-width-sep\" style=\"align-self: center;margin-left: auto;margin-right: auto;margin-bottom:20px;width:100%;\"><\/div><div class=\"fusion-text fusion-text-4\" style=\"transform:translate3d(0,0,0);\"><p>ERTE hauek lan-inspekzioaren txosten beharrezkoa kontuan hartuta tramitatuko dira, langileen ordezkari legalak informatu ondoren, ET 47. artikuluaren arabera.<\/p>\n<p>Era berean, <strong>une honetan irekita dauden baina berriro agertzen den kasu baten ondorioz itxi beharko duten enpresentzat neurriak jasotzen dira<\/strong>. Enpresa hauek indar nagusiko ERTE batera jo dezakete, 50 langile baino gutxiago dituzten enpresentzat %80ko kotizazioen exentzioa eta 50 langile baino gehiago dituztenentzat %70eko exentzioa izango dutelarik.<\/p>\n<p><strong>ERTEetan exentzioak jasotzen dituzten enpresentzat enplegua mantentzeko betebeharra mantentzen da, sei hilabeteko epean<\/strong>, hau da, kaleratzeak egin ezin izango dituzte eta ez dute dibidenduak banatu ahal izango. <strong>Exentzioak lehen aldiz jasotzen dituzten enpresentzat, sei hilabeteko epea, enplegua mantentzeko betebeharra, dekretu berriaren indarrean sartzearekin hasiko da.<\/strong> Paradisu fiskaletan kokatutako enpresak ERTE hauen aplikazioaren eremutik kanpo geratzen dira.<\/p>\n<p>ERTE hauetara jo duten enpresetako langileek <strong>ordu gehigarriak egin ezin izango dituzte<\/strong>. <strong>Enpresek ez dute lan kontratazio berririk, zuzenean edo ETT bidez, hitzartu ahal izango, ezta kanporatze berririk ezarri ere, ERTEen indarraldian zehar.<\/strong> Langileek prestakuntza, gaitasun eta beste arrazoiengatik lan egin ezin badute, soilik kontratatu edo kanporatu ahal izango dira; horretarako, enpresak langileen ordezkari legalak aurretik informatu beharko ditu.<\/p>\n<p><strong>Langabeziaren babesa indartzen da<\/strong> ERTE motaren batean kaltetutako pertsonentzat, aurreko kotizazio epea egiaztatu gabe prestazioa aitortuz eta kontadorea 0ra aplikatuko zaie, finkoak ez diren langileen kasuan izan ezik, 2023ko abenduaren 31ra arte luzatuko baitira.<\/p>\n<p><strong>AUT\u00d3NOMOEI JARDUERA ETENDUAREN PRESTAZIO EXTRAORDINARIOA<\/strong><\/p>\n<p>Era berean, prestazio hau irailaren 30era arte luzatzeko adostasunera iritsi da, ekainaren 30ean amaitzen dena. Zehazki, neurriak autonomo langileentzako Gizarte Segurantzako kotizazioen exentzioaren luzapena jasotzen du, prestazio extraordinarioa jasotzen zuten langileentzat, laguntza ekonomiko bat eta kotizazioen exentzioa barne. Horrela, langile hauek <strong>uztaildiko kotizaziorik ordaindu beharko ez dute eta abuztuan %50eko exentzioa eta irailan %25eko exentzioa izango dute<\/strong>.<\/p>\n<p>Gainera, prestazio extraordinarioaren onuradunek jarduera etendako prestazio orokorra eskatu ahal izango dute, 2020ko hirugarren hiruhilekoan fakturazioa %75 murriztu dutela egiaztatzen badute, beste baldintza batzuen artean. Horretarako, hiruhilekoa amaitu arte itxaron beharrik ez dute izango, baizik eta baldintzak betetzen dituztela uste duten unean prestazio orokorra eskatu ahal izango dute, eta dokumentalki egiaztatu beharko dute hiruhilekoa amaitu ondoren.<\/p>\n<p><strong>Prestazio hau ere atzera eraginez luzatu da, denborako autonomoentzat<\/strong>, hau da, feriante edo musikarientzat, apirilean alta ematen dutenak, eta beraz, aurreko araudiarekin kanpoan geratu ziren, alarma egoera deklaratu zenean Gizarte Seguranztan alta emanda ez zeudelako.<\/p>\n<p>Prestazio extraordinario honek Gizarte Segurantzako kotizazioen exentzioa jasotzen du aldi baterako, eta prestazioa BRren %70a da, 661 euro, gutxieneko oinarrian kotizatuz.<\/p>\n<p>Aurreko kotizazio epe minimo bat ez da beharrezkoa, RETAn alta emanda egotea eta kotizazioen ordainketan egotea besterik ez da beharrezkoa. Gainera, beste prestazio sozial batzuekin bateragarria da.<\/p>\n<p>Horrekin guztiarekin, irailan berriro bildu eta urteko azken hiruhilekoari aurre egiteko neurri berriak adosteko aukera irekita uzten da.<\/p>\n<\/div><\/div><\/div><style type=\"text\/css\">.fusion-body .fusion-builder-column-0{width:100% !important;margin-top : 0px;margin-bottom : 20px;}.fusion-builder-column-0 > .fusion-column-wrapper {padding-top : 0px !important;padding-right : 0px !important;margin-right : 1.92%;padding-bottom : 0px !important;padding-left : 0px !important;margin-left : 1.92%;}@media only screen and (max-width:1024px) {.fusion-body .fusion-builder-column-0{width:100% !important;order : 0;}.fusion-builder-column-0 > .fusion-column-wrapper {margin-right : 1.92%;margin-left : 1.92%;}}@media only screen and (max-width:640px) {.fusion-body .fusion-builder-column-0{width:100% !important;order : 0;}.fusion-builder-column-0 > .fusion-column-wrapper {margin-right : 1.92%;margin-left : 1.92%;}}<\/style><div class=\"fusion-layout-column fusion_builder_column fusion-builder-column-1 fusion_builder_column_1_1 1_1 fusion-flex-column\"><div class=\"fusion-column-wrapper fusion-flex-justify-content-flex-start fusion-content-layout-column\" style=\"background-position:left top;background-repeat:no-repeat;-webkit-background-size:cover;-moz-background-size:cover;-o-background-size:cover;background-size:cover;padding: 0px 0px 0px 0px;\"><\/div><\/div><style type=\"text\/css\">.fusion-body .fusion-builder-column-1{width:100% !important;margin-top : 0px;margin-bottom : 20px;}.fusion-builder-column-1 > .fusion-column-wrapper {padding-top : 0px !important;padding-right : 0px !important;margin-right : 1.92%;padding-bottom : 0px !important;padding-left : 0px !important;margin-left : 1.92%;}@media only screen and (max-width:1024px) {.fusion-body .fusion-builder-column-1{width:100% !important;order : 0;}.fusion-builder-column-1 > .fusion-column-wrapper {margin-right : 1.92%;margin-left : 1.92%;}}@media only screen and (max-width:640px) {.fusion-body .fusion-builder-column-1{width:100% !important;order : 0;}.fusion-builder-column-1 > .fusion-column-wrapper {margin-right : 1.92%;margin-left : 1.92%;}}<\/style><\/div><style type=\"text\/css\">.fusion-body .fusion-flex-container.fusion-builder-row-1{ padding-top : 0px;margin-top : 0px;padding-right : 0px;padding-bottom : 0px;margin-bottom : 0px;padding-left : 0px;}<\/style><\/div>\n","protected":false},"excerpt":{"rendered":"","protected":false},"author":4,"featured_media":0,"parent":0,"menu_order":0,"comment_status":"closed","ping_status":"closed","template":"","meta":{"jetpack_post_was_ever_published":false,"footnotes":""},"class_list":["post-1295","page","type-page","status-publish","hentry"],"yoast_head":"<!-- This site is optimized with the Yoast SEO plugin v27.4 - https:\/\/yoast.com\/product\/yoast-seo-wordpress\/ -->\n<title>zirkularrak - UNIGEMSA - Uni\u00f3n de Gesti\u00f3n Empresarial<\/title>\n<meta name=\"robots\" content=\"index, follow, max-snippet:-1, max-image-preview:large, max-video-preview:-1\" \/>\n<link rel=\"canonical\" href=\"https:\/\/unigemsa.com\/eu\/zirkularrak\/\" \/>\n<meta property=\"og:locale\" content=\"en_US\" \/>\n<meta property=\"og:type\" content=\"article\" \/>\n<meta property=\"og:title\" content=\"zirkularrak - UNIGEMSA - Uni\u00f3n de Gesti\u00f3n Empresarial\" \/>\n<meta property=\"og:url\" content=\"https:\/\/unigemsa.com\/eu\/zirkularrak\/\" \/>\n<meta property=\"og:site_name\" content=\"UNIGEMSA - Uni\u00f3n de Gesti\u00f3n Empresarial\" \/>\n<meta property=\"article:publisher\" content=\"https:\/\/es-es.facebook.com\/UNIGEMSA\/\" \/>\n<meta property=\"article:modified_time\" content=\"2025-03-25T12:52:46+00:00\" \/>\n<meta property=\"og:image\" content=\"https:\/\/i0.wp.com\/unigemsa.com\/wp-content\/uploads\/2023\/02\/UNIGEMSA-logo-030-HOR-web.png?fit=250%2C60&ssl=1\" \/>\n\t<meta property=\"og:image:width\" content=\"250\" \/>\n\t<meta property=\"og:image:height\" content=\"60\" \/>\n\t<meta property=\"og:image:type\" content=\"image\/png\" \/>\n<meta name=\"twitter:label1\" content=\"Est. reading time\" \/>\n\t<meta name=\"twitter:data1\" content=\"8 minutua\" \/>\n<script type=\"application\/ld+json\" class=\"yoast-schema-graph\">{\"@context\":\"https:\\\/\\\/schema.org\",\"@graph\":[{\"@type\":\"WebPage\",\"@id\":\"https:\\\/\\\/unigemsa.com\\\/eu\\\/zirkularrak\\\/\",\"url\":\"https:\\\/\\\/unigemsa.com\\\/eu\\\/zirkularrak\\\/\",\"name\":\"zirkularrak - UNIGEMSA - Uni\u00f3n de Gesti\u00f3n Empresarial\",\"isPartOf\":{\"@id\":\"https:\\\/\\\/unigemsa.com\\\/eu\\\/#website\"},\"datePublished\":\"2025-03-25T12:52:45+00:00\",\"dateModified\":\"2025-03-25T12:52:46+00:00\",\"inLanguage\":\"eu\",\"potentialAction\":[{\"@type\":\"ReadAction\",\"target\":[\"https:\\\/\\\/unigemsa.com\\\/eu\\\/zirkularrak\\\/\"]}]},{\"@type\":\"WebSite\",\"@id\":\"https:\\\/\\\/unigemsa.com\\\/eu\\\/#website\",\"url\":\"https:\\\/\\\/unigemsa.com\\\/eu\\\/\",\"name\":\"Unigemsa - Asesor\u00eda y gestor\u00eda para empresas\",\"description\":\"Servicios de Consultor\u00eda y Gesti\u00f3n Empresarial en Donostia-San Sebasti\u00e1n\",\"publisher\":{\"@id\":\"https:\\\/\\\/unigemsa.com\\\/eu\\\/#organization\"},\"alternateName\":\"Unigemsa\",\"potentialAction\":[{\"@type\":\"SearchAction\",\"target\":{\"@type\":\"EntryPoint\",\"urlTemplate\":\"https:\\\/\\\/unigemsa.com\\\/eu\\\/?s={search_term_string}\"},\"query-input\":{\"@type\":\"PropertyValueSpecification\",\"valueRequired\":true,\"valueName\":\"search_term_string\"}}],\"inLanguage\":\"eu\"},{\"@type\":\"Organization\",\"@id\":\"https:\\\/\\\/unigemsa.com\\\/eu\\\/#organization\",\"name\":\"Unigemsa - Asesor\u00eda y gestor\u00eda para empresas\",\"alternateName\":\"Unigemsa\",\"url\":\"https:\\\/\\\/unigemsa.com\\\/eu\\\/\",\"logo\":{\"@type\":\"ImageObject\",\"inLanguage\":\"eu\",\"@id\":\"https:\\\/\\\/unigemsa.com\\\/eu\\\/#\\\/schema\\\/logo\\\/image\\\/\",\"url\":\"https:\\\/\\\/i0.wp.com\\\/unigemsa.com\\\/wp-content\\\/uploads\\\/2019\\\/02\\\/UNIGEMSA.jpg?fit=229%2C229&ssl=1\",\"contentUrl\":\"https:\\\/\\\/i0.wp.com\\\/unigemsa.com\\\/wp-content\\\/uploads\\\/2019\\\/02\\\/UNIGEMSA.jpg?fit=229%2C229&ssl=1\",\"width\":229,\"height\":229,\"caption\":\"Unigemsa - Asesor\u00eda y gestor\u00eda para empresas\"},\"image\":{\"@id\":\"https:\\\/\\\/unigemsa.com\\\/eu\\\/#\\\/schema\\\/logo\\\/image\\\/\"},\"sameAs\":[\"https:\\\/\\\/es-es.facebook.com\\\/UNIGEMSA\\\/\"]}]}<\/script>\n<!-- \/ Yoast SEO plugin. -->","yoast_head_json":{"title":"zirkularrak - UNIGEMSA - Uni\u00f3n de Gesti\u00f3n Empresarial","robots":{"index":"index","follow":"follow","max-snippet":"max-snippet:-1","max-image-preview":"max-image-preview:large","max-video-preview":"max-video-preview:-1"},"canonical":"https:\/\/unigemsa.com\/eu\/zirkularrak\/","og_locale":"en_US","og_type":"article","og_title":"zirkularrak - UNIGEMSA - Uni\u00f3n de Gesti\u00f3n Empresarial","og_url":"https:\/\/unigemsa.com\/eu\/zirkularrak\/","og_site_name":"UNIGEMSA - Uni\u00f3n de Gesti\u00f3n Empresarial","article_publisher":"https:\/\/es-es.facebook.com\/UNIGEMSA\/","article_modified_time":"2025-03-25T12:52:46+00:00","og_image":[{"width":250,"height":60,"url":"https:\/\/i0.wp.com\/unigemsa.com\/wp-content\/uploads\/2023\/02\/UNIGEMSA-logo-030-HOR-web.png?fit=250%2C60&ssl=1","type":"image\/png"}],"twitter_misc":{"Est. reading time":"8 minutua"},"schema":{"@context":"https:\/\/schema.org","@graph":[{"@type":"WebPage","@id":"https:\/\/unigemsa.com\/eu\/zirkularrak\/","url":"https:\/\/unigemsa.com\/eu\/zirkularrak\/","name":"zirkularrak - UNIGEMSA - Uni\u00f3n de Gesti\u00f3n Empresarial","isPartOf":{"@id":"https:\/\/unigemsa.com\/eu\/#website"},"datePublished":"2025-03-25T12:52:45+00:00","dateModified":"2025-03-25T12:52:46+00:00","inLanguage":"eu","potentialAction":[{"@type":"ReadAction","target":["https:\/\/unigemsa.com\/eu\/zirkularrak\/"]}]},{"@type":"WebSite","@id":"https:\/\/unigemsa.com\/eu\/#website","url":"https:\/\/unigemsa.com\/eu\/","name":"Unigemsa - Asesor\u00eda y gestor\u00eda para empresas","description":"Servicios de Consultor\u00eda y Gesti\u00f3n Empresarial en Donostia-San Sebasti\u00e1n","publisher":{"@id":"https:\/\/unigemsa.com\/eu\/#organization"},"alternateName":"Unigemsa","potentialAction":[{"@type":"SearchAction","target":{"@type":"EntryPoint","urlTemplate":"https:\/\/unigemsa.com\/eu\/?s={search_term_string}"},"query-input":{"@type":"PropertyValueSpecification","valueRequired":true,"valueName":"search_term_string"}}],"inLanguage":"eu"},{"@type":"Organization","@id":"https:\/\/unigemsa.com\/eu\/#organization","name":"Unigemsa - Asesor\u00eda y gestor\u00eda para empresas","alternateName":"Unigemsa","url":"https:\/\/unigemsa.com\/eu\/","logo":{"@type":"ImageObject","inLanguage":"eu","@id":"https:\/\/unigemsa.com\/eu\/#\/schema\/logo\/image\/","url":"https:\/\/i0.wp.com\/unigemsa.com\/wp-content\/uploads\/2019\/02\/UNIGEMSA.jpg?fit=229%2C229&ssl=1","contentUrl":"https:\/\/i0.wp.com\/unigemsa.com\/wp-content\/uploads\/2019\/02\/UNIGEMSA.jpg?fit=229%2C229&ssl=1","width":229,"height":229,"caption":"Unigemsa - Asesor\u00eda y gestor\u00eda para empresas"},"image":{"@id":"https:\/\/unigemsa.com\/eu\/#\/schema\/logo\/image\/"},"sameAs":["https:\/\/es-es.facebook.com\/UNIGEMSA\/"]}]}},"jetpack_sharing_enabled":true,"jetpack_shortlink":"https:\/\/wp.me\/P8P6xc-kT","jetpack-related-posts":[],"_links":{"self":[{"href":"https:\/\/unigemsa.com\/eu\/wp-json\/wp\/v2\/pages\/1295","targetHints":{"allow":["GET"]}}],"collection":[{"href":"https:\/\/unigemsa.com\/eu\/wp-json\/wp\/v2\/pages"}],"about":[{"href":"https:\/\/unigemsa.com\/eu\/wp-json\/wp\/v2\/types\/page"}],"author":[{"embeddable":true,"href":"https:\/\/unigemsa.com\/eu\/wp-json\/wp\/v2\/users\/4"}],"replies":[{"embeddable":true,"href":"https:\/\/unigemsa.com\/eu\/wp-json\/wp\/v2\/comments?post=1295"}],"version-history":[{"count":2,"href":"https:\/\/unigemsa.com\/eu\/wp-json\/wp\/v2\/pages\/1295\/revisions"}],"predecessor-version":[{"id":1297,"href":"https:\/\/unigemsa.com\/eu\/wp-json\/wp\/v2\/pages\/1295\/revisions\/1297"}],"wp:attachment":[{"href":"https:\/\/unigemsa.com\/eu\/wp-json\/wp\/v2\/media?parent=1295"}],"curies":[{"name":"wp","href":"https:\/\/api.w.org\/{rel}","templated":true}]}}